{"id":1923,"date":"2021-10-24T21:28:28","date_gmt":"2021-10-24T18:28:28","guid":{"rendered":"http:\/\/larifan.lv\/?post_type=product&#038;p=1923"},"modified":"2024-02-23T15:12:00","modified_gmt":"2024-02-23T13:12:00","slug":"larifan-laryngo-%d1%81-%d0%b2%d0%b8%d1%88%d0%bd%d0%b5%d0%b2%d1%8b%d0%bc-%d0%b2%d0%ba%d1%83%d1%81%d0%be%d0%bc","status":"publish","type":"product","link":"https:\/\/larifan.eu\/ru\/products\/larifan-laryngo-%d1%81-%d0%b2%d0%b8%d1%88%d0%bd%d0%b5%d0%b2%d1%8b%d0%bc-%d0%b2%d0%ba%d1%83%d1%81%d0%be%d0%bc\/","title":{"rendered":"Larifan Laryngo \u0441 \u0432\u0438\u0448\u043d\u0435\u0432\u044b\u043c \u0432\u043a\u0443\u0441\u043e\u043c"},"content":{"rendered":"<p>Larifan Laryngo \u044f\u0432\u043b\u044f\u044e\u0442\u0441\u044f \u0436\u0435\u0432\u0430\u0442\u0435\u043b\u044c\u043d\u044b\u043c\u0438 \u0436\u0435\u043b\u0435\u0439\u043d\u044b\u043c\u0438 \u043a\u043e\u043d\u0444\u0435\u0442\u0430\u043c\u0438, \u043a\u043e\u0442\u043e\u0440\u044b\u0435 \u043e\u043a\u0430\u0437\u044b\u0432\u0430\u044e\u0442 \u0443\u0441\u043f\u043e\u043a\u0430\u0438\u0432\u0430\u044e\u0449\u0435\u0435 \u0434\u0435\u0439\u0441\u0442\u0432\u0438\u0435 \u043d\u0430 \u0432\u043e\u0441\u043f\u0430\u043b\u0438\u0442\u0435\u043b\u044c\u043d\u044b\u0435 \u043f\u0440\u043e\u0446\u0435\u0441\u0441\u044b \u0432 \u043f\u043e\u043b\u043e\u0441\u0442\u0438 \u0440\u0442\u0430 \u0438 \u0433\u043b\u043e\u0442\u043a\u0438, \u0443\u043c\u0435\u043d\u044c\u0448\u0430\u044e\u0442 \u0431\u043e\u043b\u044c \u0432 \u0433\u043e\u0440\u043b\u0435 \u0438 \u0443\u043b\u0443\u0447\u0448\u0430\u044e\u0442 \u0441\u0430\u043c\u043e\u0447\u0443\u0432\u0441\u0442\u0432\u0438\u0435.<\/p>\n<p>Larifan Laryngo \u0441\u043e\u0434\u0435\u0440\u0436\u0438\u0442 \u043f\u0430\u0442\u0435\u043d\u0442\u043e\u0432\u0430\u043d\u043d\u044b\u0439 \u043f\u0440\u0438\u0440\u043e\u0434\u043d\u043e\u0433\u043e \u043f\u0440\u043e\u0438\u0441\u0445\u043e\u0436\u0434\u0435\u043d\u0438\u044f \u043a\u043e\u043c\u043f\u043e\u043d\u0435\u043d\u0442 \u0434\u0441\u0420\u041d\u041a Larifan, \u043a\u043e\u0442\u043e\u0440\u044b\u0439 \u044f\u0432\u043b\u044f\u0435\u0442\u0441\u044f \u044d\u0444\u0444\u0435\u043a\u0442\u0438\u0432\u043d\u044b\u043c \u0441\u0440\u0435\u0434\u0441\u0442\u0432\u043e\u043c \u0434\u043b\u044f \u0440\u0435\u0433\u0443\u043b\u0438\u0440\u043e\u0432\u0430\u043d\u0438\u044f \u043c\u0435\u0441\u0442\u043d\u043e\u0439 \u0435\u0441\u0442\u0435\u0441\u0442\u0432\u0435\u043d\u043d\u043e\u0439 \u0437\u0430\u0449\u0438\u0442\u043d\u044b \u043e\u0440\u0433\u0430\u043d\u0438\u0437\u043c\u0430.<\/p>\n<p>\u041f\u0440\u0438\u043c\u0435\u043d\u0435\u043d\u0438\u0435 \u043a\u043e\u043d\u0444\u0435\u0442\u043e\u043a Larifan Laryngo \u0437\u0430\u0449\u0438\u0449\u0430\u0435\u0442 \u0441\u043b\u0438\u0437\u0438\u0441\u0442\u0443\u044e \u043e\u0431\u043e\u043b\u043e\u0447\u043a\u0443 \u043f\u043e\u043b\u043e\u0441\u0442\u0438 \u0440\u0442\u0430 \u0438 \u0433\u043b\u043e\u0442\u043a\u0438 \u043e\u0442 \u0440\u0430\u0437\u043b\u0438\u0447\u043d\u044b\u0445 \u0432\u0440\u0435\u0434\u043d\u044b\u0445 \u0432\u043e\u0437\u0434\u0435\u0439\u0441\u0442\u0432\u0438\u0439 \u043e\u043a\u0440\u0443\u0436\u0430\u044e\u0449\u0435\u0439 \u0441\u0440\u0435\u0434\u044b, \u0432 \u0442\u043e\u043c \u0447\u0438\u0441\u043b\u0435, \u0432\u0438\u0440\u0443\u0441\u043e\u0432 \u0438 \u0431\u0430\u043a\u0442\u0435\u0440\u044b\u0439, \u0437\u0430\u0449\u0438\u0449\u0430\u0435\u0442 \u043e\u0442 \u0440\u0430\u0437\u0432\u0438\u0442\u0438\u044f \u0432\u043e\u0441\u043f\u0430\u043b\u0438\u0442\u0435\u043b\u044c\u043d\u043e\u0433\u043e \u043f\u0440\u043e\u0446\u0435\u0441\u0441\u0430 \u0438 \u043f\u0440\u0435\u0434\u043e\u0442\u0432\u0440\u0430\u0449\u0430\u0435\u0442 \u0432\u043e\u0437\u043c\u043e\u0436\u043d\u043e\u0441\u0442\u044c \u043f\u0440\u043e\u043d\u0438\u043a\u043d\u043e\u0432\u0435\u043d\u0438\u044f \u0432\u0438\u0440\u0443\u0441\u043e\u0432 \u0447\u0435\u0440\u0435\u0437 \u0440\u043e\u0442\u043e\u0432\u0443\u044e \u043f\u043e\u043b\u043e\u0441\u0442\u044c \u0432 \u043e\u0440\u0433\u0430\u043d\u0438\u0437\u043c.<\/p>\n<p>Larifan Laryngo \u0438\u043c\u0435\u0435\u0442 \u0442\u0430\u043a\u0436\u0435 \u043b\u0435\u0433\u043a\u0438\u0439 \u043e\u0431\u0435\u0437\u0431\u043e\u043b\u0438\u0432\u0430\u044e\u0449\u0438\u0439 \u044d\u0444\u0444\u0435\u043a\u0442.<\/p>\n<p>\u0420\u0435\u043a\u043e\u043c\u0435\u043d\u0434\u043e\u0432\u0430\u043d\u043e \u043f\u043e\u043c\u0435\u0441\u0442\u0438\u0442\u044c \u043a\u043e\u043d\u0444\u0435\u0442\u0443 \u0432 \u0440\u043e\u0442 \u0438, \u043d\u0435 \u043f\u0440\u043e\u0433\u043b\u0430\u0442\u044b\u0432\u0430\u044f, \u043f\u043e\u0437\u0432\u043e\u043b\u044f\u0442\u044c \u0435\u0439 \u043c\u0435\u0434\u043b\u0435\u043d\u043d\u043e \u0440\u0430\u0441\u0442\u0432\u043e\u0440\u0438\u0442\u044c\u0441\u044f.<\/p>\n<p><strong>\u0421\u043e\u0441\u0442\u0430\u0432:<\/strong><\/p>\n<p>Glycose srup, Sugar, Water, Gelatin, natural Cherry flavor, acidity regulator \u2013 Citric acid, glazing agent \u2013 Camauba wax, RNA (dsRNA -Dubultspir\u0101liska ribonukle\u012bnsk\u0101be Larifan\u00ae)<\/p>\n","protected":false},"excerpt":{"rendered":"<p>Larifan Laryngo \u044f\u0432\u043b\u044f\u044e\u0442\u0441\u044f \u0436\u0435\u0432\u0430\u0442\u0435\u043b\u044c\u043d\u044b\u043c\u0438 \u0436\u0435\u043b\u0435\u0439\u043d\u044b\u043c\u0438 \u043a\u043e\u043d\u0444\u0435\u0442\u0430\u043c\u0438, \u043a\u043e\u0442\u043e\u0440\u044b\u0435 \u043e\u043a\u0430\u0437\u044b\u0432\u0430\u044e\u0442 \u0443\u0441\u043f\u043e\u043a\u0430\u0438\u0432\u0430\u044e\u0449\u0435\u0435 \u0434\u0435\u0439\u0441\u0442\u0432\u0438\u0435 \u043d\u0430 \u0432\u043e\u0441\u043f\u0430\u043b\u0438\u0442\u0435\u043b\u044c\u043d\u044b\u0435 \u043f\u0440\u043e\u0446\u0435\u0441\u0441\u044b \u0432 \u043f\u043e\u043b\u043e\u0441\u0442\u0438 \u0440\u0442\u0430 \u0438 \u0433\u043b\u043e\u0442\u043a\u0438, \u0443\u043c\u0435\u043d\u044c\u0448\u0430\u044e\u0442 \u0431\u043e\u043b\u044c \u0432 \u0433\u043e\u0440\u043b\u0435 \u0438 \u0443\u043b\u0443\u0447\u0448\u0430\u044e\u0442 \u0441\u0430\u043c\u043e\u0447\u0443\u0432\u0441\u0442\u0432\u0438\u0435. Larifan Laryngo \u0441\u043e\u0434\u0435\u0440\u0436\u0438\u0442 \u043f\u0430\u0442\u0435\u043d\u0442\u043e\u0432\u0430\u043d\u043d\u044b\u0439 \u043f\u0440\u0438\u0440\u043e\u0434\u043d\u043e\u0433\u043e \u043f\u0440\u043e\u0438\u0441\u0445\u043e\u0436\u0434\u0435\u043d\u0438\u044f \u043a\u043e\u043c\u043f\u043e\u043d\u0435\u043d\u0442 \u0434\u0441\u0420\u041d\u041a Larifan, \u043a\u043e\u0442\u043e\u0440\u044b\u0439 \u044f\u0432\u043b\u044f\u0435\u0442\u0441\u044f \u044d\u0444\u0444\u0435\u043a\u0442\u0438\u0432\u043d\u044b\u043c \u0441\u0440\u0435\u0434\u0441\u0442\u0432\u043e\u043c \u0434\u043b\u044f \u0440\u0435\u0433\u0443\u043b\u0438\u0440\u043e\u0432\u0430\u043d\u0438\u044f \u043c\u0435\u0441\u0442\u043d\u043e\u0439 \u0435\u0441\u0442\u0435\u0441\u0442\u0432\u0435\u043d\u043d\u043e\u0439 \u0437\u0430\u0449\u0438\u0442\u043d\u044b \u043e\u0440\u0433\u0430\u043d\u0438\u0437\u043c\u0430. \u041f\u0440\u0438\u043c\u0435\u043d\u0435\u043d\u0438\u0435&#8230;<\/p>\n","protected":false},"featured_media":2430,"template":"","meta":{"disable_featured_image":false},"product_cat":[70],"product_tag":[],"aioseo_notices":[],"_links":{"self":[{"href":"https:\/\/larifan.eu\/ru\/wp-json\/wp\/v2\/product\/1923"}],"collection":[{"href":"https:\/\/larifan.eu\/ru\/wp-json\/wp\/v2\/product"}],"about":[{"href":"https:\/\/larifan.eu\/ru\/wp-json\/wp\/v2\/types\/product"}],"wp:featuredmedia":[{"embeddable":true,"href":"https:\/\/larifan.eu\/ru\/wp-json\/wp\/v2\/media\/2430"}],"wp:attachment":[{"href":"https:\/\/larifan.eu\/ru\/wp-json\/wp\/v2\/media?parent=1923"}],"wp:term":[{"taxonomy":"product_cat","embeddable":true,"href":"https:\/\/larifan.eu\/ru\/wp-json\/wp\/v2\/product_cat?post=1923"},{"taxonomy":"product_tag","embeddable":true,"href":"https:\/\/larifan.eu\/ru\/wp-json\/wp\/v2\/product_tag?post=1923"}],"curies":[{"name":"wp","href":"https:\/\/api.w.org\/{rel}","templated":true}]}}