{"id":1850,"date":"2021-10-17T20:17:15","date_gmt":"2021-10-17T17:17:15","guid":{"rendered":"http:\/\/larifan.lv\/?post_type=product&#038;p=1850"},"modified":"2024-02-23T15:23:00","modified_gmt":"2024-02-23T13:23:00","slug":"larifan-ungo-5-g-en","status":"publish","type":"product","link":"https:\/\/larifan.eu\/ru\/products\/larifan-ungo-5-g-en\/","title":{"rendered":"Larifan Ungo 5 g"},"content":{"rendered":"\r\n<p>For prevention against herpes, papilloma, and respiratory (including influenza) infections.<\/p>\r\n\r\n\r\n\r\n<p>Particularly recommended for persons with predisposition to herpes infection<\/p>\r\n\r\n\r\n\r\n<p><strong>Appropriate:<\/strong><\/p>\r\n\r\n\r\n\r\n<p>&#8211; during undesirable external environmental circumstances (cold, wet, windy environment, overheating or excessive exposure to sunlight)<\/p>\r\n\r\n\r\n\r\n<p>&#8211; for protection against infection penetration into the organism caused by herpes and other viruses, including influenza<\/p>\r\n\r\n\r\n\r\n<p>&#8211; for restriction the spreading of common warts, genital warts and papillomas,<\/p>\r\n\r\n\r\n\r\n<p>&#8211; for reduction of skin irritation, including irritation of UV radiation<\/p>\r\n\r\n\r\n\r\n<p>&#8211; to reduce the consequences of heat burns.<\/p>\r\n\r\n\r\n\r\n<p><strong>Composition<\/strong><\/p>\r\n\r\n\r\n\r\n<p>Double-stranded ribonucleic acid dsRNA, paraffin, lanolin anhydrous, vaseline oil, propylparaben, metilparaben, pentaeritritol dioleat, purified water<\/p>\r\n\r\n\r\n\r\n<p>Usage<\/p>\r\n\r\n\r\n\r\n<p>For nasal use during respiratory virus epidemics and in periods before epidemics in order to reduce the risk of virus to get into the organism. For the prevention treat skin and mucous membrane 1-2 times a day; for the prevention in case of contact with an ill person \u2013 3-4 times a day; in case of illness \u2013 5-6 times a day.<\/p>\r\n\r\n\r\n\r\n<p>In situations when herpes infections outburst is expected, use for skin and mucous membrane care 2 times a day. Cover warts 1-2 times a day to restrict further spreading of papilloma virus.<\/p>\r\n\r\n\r\n\r\n<p>Use 3-4 times a day to soothe skin irritation of thermal or traumatic origin and for prevention of blister formation.<\/p>\r\n\r\n\r\n\r\n<p><strong>FAQ<\/strong><\/p>\r\n\r\n\r\n\r\n<p>How often should Larifan Ungo be used for the prevention?<\/p>\r\n\r\n\r\n\r\n<p>1-2\u00a0 times a day<\/p>\r\n\r\n\r\n\r\n<p>How often should Larifan Ungo be used in case of respiratory illness?<\/p>\r\n\r\n\r\n\r\n<p>5-6 times a day<\/p>\r\n\r\n\r\n\r\n<p>Is the usage of Larifan Ungo allowed during the pregnancy?<\/p>\r\n\r\n\r\n\r\n<p>Larifan Ungo for an external usage may be used during the pregnancy.<\/p>\r\n","protected":false},"excerpt":{"rendered":"<p>Larifan Ungo ir ziede \u0101das un g\u013cot\u0101du kop\u0161anai. Sast\u0101v\u0101 iek\u013cauta patent\u0113ta dabiskas izcelsmes akt\u012bv\u0101 viela dsRNS. Larifan, kas paaugstina organisma lok\u0101lo pretest\u012bbu pret nev\u0113lamu apk\u0101rt\u0113j\u0101s vides faktoru iedarb\u012bbu, to skait\u0101, ar\u012b pret v\u012brusu nok\u013c\u016b\u0161anu organism\u0101.<\/p>\n","protected":false},"featured_media":2442,"template":"","meta":{"disable_featured_image":false},"product_cat":[75,49,72],"product_tag":[],"aioseo_notices":[],"_links":{"self":[{"href":"https:\/\/larifan.eu\/ru\/wp-json\/wp\/v2\/product\/1850"}],"collection":[{"href":"https:\/\/larifan.eu\/ru\/wp-json\/wp\/v2\/product"}],"about":[{"href":"https:\/\/larifan.eu\/ru\/wp-json\/wp\/v2\/types\/product"}],"wp:featuredmedia":[{"embeddable":true,"href":"https:\/\/larifan.eu\/ru\/wp-json\/wp\/v2\/media\/2442"}],"wp:attachment":[{"href":"https:\/\/larifan.eu\/ru\/wp-json\/wp\/v2\/media?parent=1850"}],"wp:term":[{"taxonomy":"product_cat","embeddable":true,"href":"https:\/\/larifan.eu\/ru\/wp-json\/wp\/v2\/product_cat?post=1850"},{"taxonomy":"product_tag","embeddable":true,"href":"https:\/\/larifan.eu\/ru\/wp-json\/wp\/v2\/product_tag?post=1850"}],"curies":[{"name":"wp","href":"https:\/\/api.w.org\/{rel}","templated":true}]}}