{"id":1384,"date":"2021-09-05T21:40:14","date_gmt":"2021-09-05T18:40:14","guid":{"rendered":"https:\/\/larifan.eu\/?post_type=product&#038;p=1384"},"modified":"2024-02-23T15:30:06","modified_gmt":"2024-02-23T13:30:06","slug":"larifan-supo-supozitoriji-1-5-mg-3-gb","status":"publish","type":"product","link":"https:\/\/larifan.eu\/ru\/products\/larifan-supo-supozitoriji-1-5-mg-3-gb\/","title":{"rendered":"Larifan Supo 1.5 mg\/3 gb."},"content":{"rendered":"\r\n<p>Larifan Supo pal\u012bdz stiprin\u0101t un uzlabot organisma dab\u012bg\u0101s aizsargsp\u0113jas, t\u0101d\u0113j\u0101di aizkav\u0113jot ar\u012b da\u017e\u0101du infekciju (to skait\u0101 seksu\u0101li transmis\u012bvo slim\u012bbu) izrais\u012bt\u0101ju (v\u012brusu, bakt\u0113riju) iek\u013c\u016b\u0161anu un vairo\u0161anos organism\u0101.<\/p>\r\n\r\n\r\n\r\n<p><strong>Larifan Supo ieteicams:<\/strong><\/p>\r\n\r\n\r\n\r\n<ul>\r\n<li>Hemoro\u012bdu izrais\u012btu s\u016bdz\u012bbu gad\u012bjumos<\/li>\r\n<li>Taisn\u0101s zarnas g\u013cot\u0101das hroniska kairin\u0101juma nov\u0113r\u0161anai un plaisu izrais\u012bta s\u0101p\u012bguma mazin\u0101\u0161anai<\/li>\r\n<li>V\u012brusu infekciju un organisma im\u016bndefic\u012bta profilaksei<\/li>\r\n<li>V\u012brusu infekciju agr\u012bnu slim\u012bbas paz\u012bmju gad\u012bjum\u0101<\/li>\r\n<li>\u0122enit\u0101lo k\u0101rpu att\u012bst\u012bbas ierobe\u017eo\u0161anai<\/li>\r\n<li>Seksu\u0101li transmis\u012bvo slim\u012bbu riska mazin\u0101\u0161anai<\/li>\r\n<li>Seksu\u0101li transmis\u012bvo slim\u012bbu izrais\u012bto seku mazin\u0101\u0161anai<\/li>\r\n<\/ul>\r\n\r\n\r\n\r\n<p><strong>Lieto\u0161ana<\/strong><\/p>\r\n\r\n\r\n\r\n<p>Taisn\u0101s zarnas diskomforta un hemoro\u012bdu izrais\u012btu s\u016bdz\u012bbu gad\u012bjum\u0101 ievad\u012bt taisnaj\u0101 zarn\u0101 pa 1 supozitorijam vakaros 5 dienas p\u0113c k\u0101rtas. Pieaugu\u0161iem cilv\u0113kiem ieteicams s\u0101kt ar supozitorijiem Larifan Supo 1,0 mg, efekta pastiprin\u0101\u0161anai var p\u0101riet uz Larifan Supo 1,5 mg. Pusaud\u017eiem un b\u0113rniem ies\u0101kt ar Larifan Supo 0,5 mg. Ja nepat\u012bkam\u0101s saj\u016btas nemazin\u0101s, konsult\u0113ties ar \u0101rstu.<\/p>\r\n\r\n\r\n\r\n<p>Lai saglab\u0101tu un stabiliz\u0113tu ieg\u016bto pozit\u012bvo efektu, ieteicams supozitoriju lieto\u0161anu v\u0113l turpin\u0101t lietojot 1 reizi ned\u0113\u013c\u0101 3 ned\u0113\u013cas p\u0113c k\u0101rtas.<\/p>\r\n\r\n\r\n\r\n<p>Visp\u0101r\u0113ja im\u016bnmodulatora efekta sasnieg\u0161anai ievada 1 supozitoriju 1 reizi ned\u0113\u013c\u0101 5 ned\u0113\u013cas p\u0113c k\u0101rtas. Atkar\u012bb\u0101 no kl\u012bnisk\u0101 efekta \u0161\u0101dus kursus var atk\u0101rtot ik pa 4 ned\u0113\u013c\u0101m.<\/p>\r\n\r\n\r\n\r\n<p>Infekciju prodrom\u0101 (t.i. agr\u012bnu slim\u012bbas paz\u012bmju gad\u012bjum\u0101) lietot pa 1 supozitorijam 2 dienas p\u0113c k\u0101rtas.<\/p>\r\n\r\n\r\n\r\n<p>Recidiv\u0113jo\u0161u v\u012brusu infekciju gad\u012bjumos ieteicami vair\u0101ki 2 ned\u0113\u013cu kursi, katr\u0101 kurs\u0101 5 devas (1.,2.,6.,10. un 14.dien\u0101).<\/p>\r\n\r\n\r\n\r\n<p><strong>Sast\u0101vs<\/strong><\/p>\r\n\r\n\r\n\r\n<p>Aqua, Theobroma Cacao Seed Butter, Lanolin, Sodium Chloride, Methylparaben, Propylparaben,\u00a0 Double stranded ribonucleic acid Larifan<\/p>\r\n\r\n\r\n\r\n<p><strong>Bie\u017e\u0101k uzdotie jaut\u0101jumi<\/strong><\/p>\r\n\r\n\r\n\r\n<p>Vai Larifan Supo supozitorijus dr\u012bkst lietot gr\u016btniec\u012bbas vai b\u0113rna z\u012bd\u012b\u0161anas laik\u0101?<\/p>\r\n\r\n\r\n\r\n<p>Gr\u016btniec\u012bbas vai b\u0113rna z\u012bd\u012b\u0161anas gad\u012bjum\u0101 pirms lieto\u0161anas ieteicams konsult\u0113ties ar \u0101rstu<\/p>\r\n\r\n\r\n\r\n<p>K\u0101 pareizi glab\u0101t Larifan Supo supozitorijus?<\/p>\r\n\r\n\r\n\r\n<p>Tos ieteicams uzglab\u0101t temperat\u016br\u0101 l\u012bdz +15<sup>o<\/sup>C<\/p>\r\n","protected":false},"excerpt":{"rendered":"<p>Larifan Supo ir supozitoriji v\u012brusu infekciju un organisma im\u016bndefic\u012bta profilaksei. Tie profilaktiski darbojas pret v\u012brusu infekcij\u0101m un vienlaic\u012bgi nodro\u0161ina pretest\u012bbu pret da\u017e\u0101diem patolo\u0123iskiem procesiem taisnaj\u0101 zarn\u0101.<\/p>\n","protected":false},"featured_media":2461,"template":"","meta":{"disable_featured_image":false},"product_cat":[49],"product_tag":[],"aioseo_notices":[],"_links":{"self":[{"href":"https:\/\/larifan.eu\/ru\/wp-json\/wp\/v2\/product\/1384"}],"collection":[{"href":"https:\/\/larifan.eu\/ru\/wp-json\/wp\/v2\/product"}],"about":[{"href":"https:\/\/larifan.eu\/ru\/wp-json\/wp\/v2\/types\/product"}],"wp:featuredmedia":[{"embeddable":true,"href":"https:\/\/larifan.eu\/ru\/wp-json\/wp\/v2\/media\/2461"}],"wp:attachment":[{"href":"https:\/\/larifan.eu\/ru\/wp-json\/wp\/v2\/media?parent=1384"}],"wp:term":[{"taxonomy":"product_cat","embeddable":true,"href":"https:\/\/larifan.eu\/ru\/wp-json\/wp\/v2\/product_cat?post=1384"},{"taxonomy":"product_tag","embeddable":true,"href":"https:\/\/larifan.eu\/ru\/wp-json\/wp\/v2\/product_tag?post=1384"}],"curies":[{"name":"wp","href":"https:\/\/api.w.org\/{rel}","templated":true}]}}