{"id":1381,"date":"2021-09-05T21:22:48","date_gmt":"2021-09-05T18:22:48","guid":{"rendered":"https:\/\/larifan.eu\/?post_type=product&#038;p=1381"},"modified":"2024-02-23T15:30:35","modified_gmt":"2024-02-23T13:30:35","slug":"larifan-ungo-5-g","status":"publish","type":"product","link":"https:\/\/larifan.eu\/ru\/products\/larifan-ungo-5-g\/","title":{"rendered":"Larifan Ungo 5 g"},"content":{"rendered":"<p>[vc_row][vc_column][vc_column_text]<\/p>\r\n<p><!-- \/wp:paragraph --><strong>Ieteicams:\u00a0<\/strong><\/p>\r\n<!-- wp:list -->\r\n<ul>\r\n<li>deguna g\u013cot\u0101das ikdienas apstr\u0101dei respiratoro v\u012brusu epid\u0113miju un pirms epid\u0113miju period\u0101<\/li>\r\n<li>\u0101das un g\u013cot\u0101du kop\u0161anai, atrodoties herpes infekcijas uzliesmojumus provoc\u0113jo\u0161os apst\u0101k\u013cos (mitra, v\u0113sa, v\u0113jaina vide, saaukst\u0113\u0161an\u0101s, p\u0101rkar\u0161ana)<\/li>\r\n<li>parasto k\u0101rpu, \u0123enit\u0101lo k\u0101rpu, papillomu apstr\u0101dei<\/li>\r\n<li>pie da\u017e\u0101das izcelsmes \u0101das kairin\u0101juma procesiem (to skait\u0101, vieglas pak\u0101pes termiskiem apdegumiem, p\u0101rm\u0113r\u012bga UV kairin\u0101juma), un ar to saist\u012bto \u00a0 \u00a0 \u00a0 tulznu veido\u0161an\u0101s kav\u0113\u0161anai<\/li>\r\n<li>LARIFAN Ungo ieteicams lietot p\u0113c tetov\u0113\u0161anas proced\u016br\u0101m uz \u0101das (sejas permanentais make-up u.c.), lai izvair\u012btos no herpes infekcijas aktiviz\u0101cijas<\/li>\r\n<\/ul>\r\n<!-- \/wp:list -->\r\n<p><!-- wp:paragraph --><strong>Lieto\u0161ana<\/strong><\/p>\r\n<!-- \/wp:paragraph -->\r\n<p><!-- wp:paragraph -->Respiratoro infekciju (to skait\u0101 gripas) profilaksei lietot 1-2 reizes dien\u0101, esot kontakt\u0101 ar saslimu\u0161o lietot 3-4 reizes dien\u0101, slim\u012bbas gad\u012bjum\u0101 \u2013 5-6 reizes dien\u0101. Herpes profilaksei lietot \u0101das un g\u013cot\u0101das kop\u0161anai vair\u0101kas reizes dien\u0101. K\u0101rpu izplat\u012bbas ierobe\u017eo\u0161anai \u2013 1-2 reizes dien\u0101. \u0100das kairin\u0101juma nomierin\u0101\u0161anai lietot nekav\u0113joties un turpin\u0101t 3-4 reizes dien\u0101.<\/p>\r\n<!-- \/wp:paragraph -->\r\n<p><!-- wp:paragraph --><strong>Sast\u0101vs<\/strong><\/p>\r\n<!-- \/wp:paragraph -->\r\n<p><!-- wp:paragraph -->Aqua, Paraffinum Liquidum, Lanolin, Paraffin, Pentaerythrityl Dioleate, Sodium Chloride, Phenoxyethanol, Methylparaben, Propylparaben, Double stranded ribonucleic acid Larifan<\/p>\r\n<!-- \/wp:paragraph -->\r\n<p><!-- wp:paragraph --><strong>BUJ<\/strong><\/p>\r\n<!-- \/wp:paragraph -->\r\n<p><!-- wp:paragraph -->Cik bie\u017ei lietot Larifan Ungo profilaktiskos nol\u016bkos?<\/p>\r\n<!-- \/wp:paragraph -->\r\n<p><!-- wp:paragraph -->1-2 reizes dien\u0101<\/p>\r\n<!-- \/wp:paragraph -->\r\n<p><!-- wp:paragraph -->Cik bie\u017ei lietot Larifan Ungo elpce\u013cu saslim\u0161anas gad\u012bjum\u0101?<\/p>\r\n<!-- \/wp:paragraph -->\r\n<p><!-- wp:paragraph -->5-6 reizes dien\u0101<\/p>\r\n<!-- \/wp:paragraph -->\r\n<p><!-- wp:paragraph -->Vai Larifan Ungo dr\u012bkst lietot gr\u016btnieces?<\/p>\r\n<!-- \/wp:paragraph -->\r\n<p><!-- wp:paragraph -->Larifan Ungo ziedi \u0101r\u012bgai lieto\u0161anai dr\u012bkst lietot gr\u016btniec\u012bbas laik\u0101.<\/p>\r\n<p><!-- \/wp:embed -->\u00a0<\/p>\r\n<p>[\/vc_column_text][\/vc_column][\/vc_row][vc_row][vc_column][vc_video link=&#8221;https:\/\/youtu.be\/39JQ7wUvl-E&#8221;][\/vc_column][\/vc_row]<\/p>","protected":false},"excerpt":{"rendered":"<p>Larifan Ungo ir ziede \u0101das un g\u013cot\u0101du kop\u0161anai. Sast\u0101v\u0101 iek\u013cauta patent\u0113ta dabiskas izcelsmes akt\u012bv\u0101 viela dsRNS. Larifan, kas paaugstina organisma lok\u0101lo pretest\u012bbu pret nev\u0113lamu apk\u0101rt\u0113j\u0101s vides faktoru iedarb\u012bbu, to skait\u0101, ar\u012b pret v\u012brusu nok\u013c\u016b\u0161anu organism\u0101.<\/p>\n","protected":false},"featured_media":2470,"template":"","meta":{"disable_featured_image":false},"product_cat":[75,49,72],"product_tag":[],"aioseo_notices":[],"_links":{"self":[{"href":"https:\/\/larifan.eu\/ru\/wp-json\/wp\/v2\/product\/1381"}],"collection":[{"href":"https:\/\/larifan.eu\/ru\/wp-json\/wp\/v2\/product"}],"about":[{"href":"https:\/\/larifan.eu\/ru\/wp-json\/wp\/v2\/types\/product"}],"wp:featuredmedia":[{"embeddable":true,"href":"https:\/\/larifan.eu\/ru\/wp-json\/wp\/v2\/media\/2470"}],"wp:attachment":[{"href":"https:\/\/larifan.eu\/ru\/wp-json\/wp\/v2\/media?parent=1381"}],"wp:term":[{"taxonomy":"product_cat","embeddable":true,"href":"https:\/\/larifan.eu\/ru\/wp-json\/wp\/v2\/product_cat?post=1381"},{"taxonomy":"product_tag","embeddable":true,"href":"https:\/\/larifan.eu\/ru\/wp-json\/wp\/v2\/product_tag?post=1381"}],"curies":[{"name":"wp","href":"https:\/\/api.w.org\/{rel}","templated":true}]}}