{"id":1266,"date":"2021-08-24T21:08:57","date_gmt":"2021-08-24T18:08:57","guid":{"rendered":"https:\/\/larifan.eu\/?post_type=product&#038;p=1266"},"modified":"2024-02-23T15:34:18","modified_gmt":"2024-02-23T13:34:18","slug":"larifan-supo","status":"publish","type":"product","link":"https:\/\/larifan.eu\/ru\/products\/larifan-supo\/","title":{"rendered":"Larifan Supo 1.5 mg\/5 gb."},"content":{"rendered":"<p><strong>Supozitoriju \u201eLarifan Supo 1,5 mg\u201d<\/strong> sast\u0101v\u0101 eso\u0161\u0101 akt\u012bv\u0101 viela ir dabiskas izcelsmes dsRNS Larifans, kurai, ja to lieto \u0101rstniecisk\u0101s dev\u0101s, piem\u012bt pretv\u012brusu un im\u016bnmodul\u0113jo\u0161a darb\u012bba. Larifan Supo satur akt\u012bvo vielu profilaktisk\u0101s dev\u0101s, lieto\u0161anas rezult\u0101t\u0101 pastiprin\u0101s organisma dabisk\u0101 pretest\u012bba pret infekcij\u0101m, paaugstin\u0101s vakcin\u0101cijas efektivit\u0101te, uzlabojas \u0161\u016bnu re\u0123ener\u0101cijas sp\u0113jas un br\u016b\u010du dz\u012b\u0161ana, samazin\u0101s iekaisuma reakcijas; nov\u0113rojams viegls lok\u0101ls ats\u0101pino\u0161s efekts.<\/p>\n<p>Lietots rekt\u0101li \u201eLarifan Supo 1,5 mg\u201d pal\u012bdz <strong>mazin\u0101t taisn\u0101s zarnas g\u013cot\u0101das diskomforta saj\u016btu<\/strong>, ko izsauku\u0161as plaisi\u0146as vai iekaisuma process, k\u0101 ar\u012b <strong>uzlabot un stiprin\u0101t organisma aizsargsp\u0113jas paaugstinot imunolo\u0123isko aktivit\u0101ti, prevent\u012bvi darbojas pret v\u012brusu infekcij\u0101m,<\/strong> \u012bpa\u0161i prodrom\u0101 saj\u016btot pirmos v\u012brusu infekciju simptomus (t.sk., respiratoro) aptur slim\u012bbas att\u012bst\u012bbu.<\/p>\n<p><strong>Lieto\u0161anas indik\u0101cijas:\u00a0<\/strong><\/p>\n<ul>\n<li>Hemoro\u012bdu izrais\u012btu s\u016bdz\u012bbu gad\u012bjumos<\/li>\n<li>Taisn\u0101s zarnas g\u013cot\u0101das hroniska kairin\u0101juma nov\u0113r\u0161anai un plaisu izrais\u012bta s\u0101p\u012bguma mazin\u0101\u0161anai<\/li>\n<li>V\u012brusu infekciju un organisma im\u016bndefic\u012bta profilaksei<\/li>\n<li>V\u012brusu infekciju agr\u012bnu slim\u012bbas paz\u012bmju gad\u012bjum\u0101<\/li>\n<li>\u0122enit\u0101lo k\u0101rpu att\u012bst\u012bbas ierobe\u017eo\u0161anai<\/li>\n<li>Seksu\u0101li transmis\u012bvo slim\u012bbu riska mazin\u0101\u0161anai<\/li>\n<li>Seksu\u0101li transmis\u012bvo slim\u012bbu izrais\u012bto seku mazin\u0101\u0161anai<\/li>\n<\/ul>\n<p><strong>K\u0101 lietot \u201eLarifan \u2013 Supo 1,5 mg\u201d?<\/strong><\/p>\n<p>Atbr\u012bvot supozitoriju no iepakojuma.<\/p>\n<p><strong>Zarnas g\u013cot\u0101das iekaisuma, hemoro\u012bdu un s\u0101p\u012bguma gad\u012bjumo:<\/strong> ievad\u012bt taisnaj\u0101 zarn\u0101 pa vienam \u201eLarifan \u2013 Supo 1,5 mg\u201d supozitorijam ik vakaru pirms gul\u0113tie\u0161anas 5-6 vakarus p\u0113c k\u0101rtas. Lai saglab\u0101tu un stabiliz\u0113tu sasniegto pozit\u012bvo efektu, ieteicams supozitoriju lieto\u0161anu v\u0113l turpin\u0101t, papildus lietojot supozitorijus 3-5 ned\u0113\u013cas \u2013 pa vienam supozitorijam ned\u0113\u013c\u0101. Ja nepat\u012bkam\u0101s kairin\u0101juma saj\u016btas nemazin\u0101s, konsult\u0113ties ar \u0101rstu.<\/p>\n<p><strong>V\u012brusu infekciju epid\u0113miju laik\u0101 vai saj\u016btot pirmos slim\u012bbu simptomus:<\/strong> lietot pa vienam supozitorijam rekt\u0101li divus vakarus p\u0113c k\u0101rtas.<\/p>\n<p><strong>Im\u016bnmodul\u0113jo\u0161\u0101 efekta paaugstin\u0101\u0161anas nol\u016bkos:<\/strong> lietot pa vienam supozitorijam ned\u0113\u013c\u0101 5 ned\u0113\u013cas p\u0113c k\u0101rtas. Atkar\u012bb\u0101 no kl\u012bnisk\u0101 rezult\u0101ta t\u0101dus kursus var atk\u0101rtot p\u0113c katr\u0101m 4 ned\u0113\u013c\u0101m.<\/p>\n<p><strong>Blakus par\u0101d\u012bbas:<\/strong><br \/>\nNelabv\u0113l\u012bgas blakus par\u0101d\u012bbas nav nov\u0113rotas.<br \/>\n<strong>Iepakojuma veids:<\/strong><br \/>\nPa 3 vai 5 supozitorijiem kartona kast\u012bt\u0113 ar kl\u0101t pievienotu lieto\u0161anas instrukciju.<br \/>\n<strong>Der\u012bguma termi\u0146\u0161:<\/strong><br \/>\n2 gadi. Nelietot l\u012bdzekli p\u0113c t\u0101 der\u012bguma termi\u0146a beig\u0101m.<br \/>\n<strong>Uzglab\u0101\u0161ana:<\/strong><br \/>\nProdukts j\u0101glab\u0101 saus\u0101, v\u0113s\u0101 (8 &#8211; 15 \u00b0C), b\u0113rniem nepieejam\u0101 un neredzam\u0101 viet\u0101.<\/p>\n","protected":false},"excerpt":{"rendered":"<p>Larifan Supo ir supozitoriji v\u012brusu infekciju un organisma im\u016bndefic\u012bta profilaksei. Tie profilaktiski darbojas pret v\u012brusu infekcij\u0101m un vienlaic\u012bgi nodro\u0161ina pretest\u012bbu pret da\u017e\u0101diem patolo\u0123iskiem procesiem taisnaj\u0101 zarn\u0101.<\/p>\n","protected":false},"featured_media":2451,"template":"","meta":{"disable_featured_image":false},"product_cat":[49],"product_tag":[],"aioseo_notices":[],"_links":{"self":[{"href":"https:\/\/larifan.eu\/ru\/wp-json\/wp\/v2\/product\/1266"}],"collection":[{"href":"https:\/\/larifan.eu\/ru\/wp-json\/wp\/v2\/product"}],"about":[{"href":"https:\/\/larifan.eu\/ru\/wp-json\/wp\/v2\/types\/product"}],"wp:featuredmedia":[{"embeddable":true,"href":"https:\/\/larifan.eu\/ru\/wp-json\/wp\/v2\/media\/2451"}],"wp:attachment":[{"href":"https:\/\/larifan.eu\/ru\/wp-json\/wp\/v2\/media?parent=1266"}],"wp:term":[{"taxonomy":"product_cat","embeddable":true,"href":"https:\/\/larifan.eu\/ru\/wp-json\/wp\/v2\/product_cat?post=1266"},{"taxonomy":"product_tag","embeddable":true,"href":"https:\/\/larifan.eu\/ru\/wp-json\/wp\/v2\/product_tag?post=1266"}],"curies":[{"name":"wp","href":"https:\/\/api.w.org\/{rel}","templated":true}]}}