{"id":1143,"date":"2021-08-16T04:23:04","date_gmt":"2021-08-16T01:23:04","guid":{"rendered":"http:\/\/larifan.lv\/?post_type=product&#038;p=1143"},"modified":"2024-02-23T15:33:14","modified_gmt":"2024-02-23T13:33:14","slug":"lupu-balzams-larifan","status":"publish","type":"product","link":"https:\/\/larifan.eu\/ru\/products\/lupu-balzams-larifan\/","title":{"rendered":"L\u016bpu balzams Larifan"},"content":{"rendered":"\r\n<p>Unik\u0101l\u0101 l\u016bpu balzama formula, kas satur dsRNS Larifan, aizsarg\u0101 pret nelabv\u0113l\u012bgu \u0101r\u0113j\u0101s vides iedarb\u012bbu, baro un mitrina \u0101du, nov\u0113r\u0161 t\u0101s lob\u012b\u0161anos un izsitumu ra\u0161anos, pasarg\u0101 l\u016bpas no mitruma, saules, v\u0113ja un sala iedarb\u012bbas, satur UV filtrus.<\/p>\r\n\r\n\r\n\r\n<p><strong>Ieteicams:<\/strong><\/p>\r\n\r\n\r\n\r\n<ul>\r\n<li>person\u0101m, kur\u0101m piem\u012bt nosliece uz herpes infekciju, sevi\u0161\u0137i atrodoties \u0161\u012bs infekcijas izpausmi provoc\u0113jo\u0161os apst\u0101k\u013cos \u2013 uztur\u0113\u0161an\u0101s v\u0113s\u0101, mitr\u0101, v\u0113jain\u0101 vid\u0113, p\u0101rkar\u0161ana un intens\u012bva saules iedarb\u012bba, meh\u0101niski l\u016bpu \u0101das un g\u013cot\u0101das boj\u0101jumi,<\/li>\r\n<li>sausu, saspr\u0113g\u0101ju\u0161u l\u016bpu gad\u012bjumos,<\/li>\r\n<li>aizsardz\u012bbai pret da\u017e\u0101du v\u012brusu, tai skait\u0101 gripas, izrais\u012btu infekciju iek\u013c\u016b\u0161anu organism\u0101.<\/li>\r\n<\/ul>\r\n\r\n\r\n\r\n<p><strong>Lieto\u0161ana<\/strong><\/p>\r\n\r\n\r\n\r\n<p>Lietot individu\u0101li p\u0113c vajadz\u012bbas.<\/p>\r\n\r\n\r\n\r\n<p><strong>Sast\u0101vs<\/strong><\/p>\r\n\r\n\r\n\r\n<p>Paraffinum Liquidum, Isopropyl Palmitate, Ricinus Communis Seed Oil, Copernicia Cerifera Wax, Paraffin, Lanolin, Synthetic Wax, Theobroma Cacao Seed Butter, Hydrogenated Microcrystalline Wax, Butyl Methoxydibenzoylmethane, Butyl Methoxydibenzoylmethane, Ethylhexyl Salicylate, Tocopheryl Acetate, Retinyl Palmitate, Tocopherol, Propylparaben, BHT, Hippophae Rhamnoides Fruit Oil, Double stranded ribonucleic acid Larifan, Parfum, Limonene, Citral, Linalool<\/p>\r\n","protected":false},"excerpt":{"rendered":"<p>L\u016bpu balzams Larifan paredz\u0113ts l\u016bpu un mutes g\u013cot\u0101das kop\u0161anai un aizsardz\u012bbai. L\u016bpu balzama sast\u0101v\u0101 iek\u013cautais patent\u0113tais dabiskas izcelsmes komponents dsRNA Larifan, pie\u0161\u0137ir balzamam papildus v\u0113rt\u012bbu. L\u016bpu balzams Larifan ir efekt\u012bvs l\u012bdzeklis organisma dab\u012bgo lok\u0101lo aizsargsp\u0113ju regul\u0113\u0161anai t\u0101d\u0113j\u0101di pasarg\u0101jot pret kait\u012bgu \u0101r\u0113j\u0101s vides faktoru (tai skait\u0101 v\u012brusu, bakt\u0113riju) iedarb\u012bbu.<\/p>\n","protected":false},"featured_media":2426,"template":"","meta":{"disable_featured_image":false},"product_cat":[72],"product_tag":[],"aioseo_notices":[],"_links":{"self":[{"href":"https:\/\/larifan.eu\/ru\/wp-json\/wp\/v2\/product\/1143"}],"collection":[{"href":"https:\/\/larifan.eu\/ru\/wp-json\/wp\/v2\/product"}],"about":[{"href":"https:\/\/larifan.eu\/ru\/wp-json\/wp\/v2\/types\/product"}],"wp:featuredmedia":[{"embeddable":true,"href":"https:\/\/larifan.eu\/ru\/wp-json\/wp\/v2\/media\/2426"}],"wp:attachment":[{"href":"https:\/\/larifan.eu\/ru\/wp-json\/wp\/v2\/media?parent=1143"}],"wp:term":[{"taxonomy":"product_cat","embeddable":true,"href":"https:\/\/larifan.eu\/ru\/wp-json\/wp\/v2\/product_cat?post=1143"},{"taxonomy":"product_tag","embeddable":true,"href":"https:\/\/larifan.eu\/ru\/wp-json\/wp\/v2\/product_tag?post=1143"}],"curies":[{"name":"wp","href":"https:\/\/api.w.org\/{rel}","templated":true}]}}