{"id":2083,"date":"2023-03-23T13:57:24","date_gmt":"2023-03-23T11:57:24","guid":{"rendered":"https:\/\/larifan.eu\/?page_id=2083"},"modified":"2023-03-23T13:57:24","modified_gmt":"2023-03-23T11:57:24","slug":"saaukstesanas-produkti","status":"publish","type":"page","link":"https:\/\/larifan.eu\/ru\/saaukstesanas-produkti\/","title":{"rendered":"Saaukst\u0113\u0161an\u0101s produkti"},"content":{"rendered":"<p>[vc_row overflow=&#8221;default&#8221; css=&#8221;.vc_custom_1643571446281{padding-top: 30px !important;padding-bottom: 30px !important;}&#8221;][vc_column width=&#8221;1\/3&#8243;]\n                            <style media=\"screen\">\n                            \t\t\t\t#list-U3ABedZmaV .sh-list-content {\n        \t\t\t\t\tcolor: #8d8d8d!important;\n        \t\t\t\t}\n        \t\t\t\n                    \n        \t\t\t        \t\t\t\t#list-U3ABedZmaV .sh-list-icon i {\n        \t\t\t\t\tcolor: #8d8d8d!important;\n        \t\t\t\t}\n        \t\t\t\n                    \n                    \n                    \n                    \n                                    <\/style>\n            \n            <ul class=\"sh-list sh-list-vc sh-list-style1\" id=\"list-U3ABedZmaV\">\n            \t            \t\t<li class=\"sh-list-item\">\n                                                    <a href=\"https:\/\/larifan.lv\/saaukstesanas-produkti\/\"  >\n                        \n                \t\t\t<span class=\"sh-list-icon\">\n                                                                    <i class=\"icon-arrow-right-circle\"><\/i>\n                                                \t\t\t<\/span>\n                \t\t\t<span class=\"sh-list-content\">\n                                Saaukst\u0113\u0161an\u0101s                            <\/span>\n\n                                                    <\/a>\n                                    \t\t<\/li>\n            \t            <\/ul>\n\n        \n                            <style media=\"screen\">\n                            \t\t\t\t#list-NrSI3gmd5l .sh-list-content {\n        \t\t\t\t\tcolor: #8d8d8d!important;\n        \t\t\t\t}\n        \t\t\t\n                    \n        \t\t\t        \t\t\t\t#list-NrSI3gmd5l .sh-list-icon i {\n        \t\t\t\t\tcolor: #8d8d8d!important;\n        \t\t\t\t}\n        \t\t\t\n                    \n                    \n                    \n                    \n                                    <\/style>\n            \n            <ul class=\"sh-list sh-list-vc sh-list-style1\" id=\"list-NrSI3gmd5l\">\n            \t            \t\t<li class=\"sh-list-item\">\n                                                    <a href=\"https:\/\/larifan.lv\/imunitatei-produkti\/\"  >\n                        \n                \t\t\t<span class=\"sh-list-icon\">\n                                                                    <i class=\"icon-arrow-right-circle\"><\/i>\n                                                \t\t\t<\/span>\n                \t\t\t<span class=\"sh-list-content\">\n                                Imunit\u0101tei                            <\/span>\n\n                                                    <\/a>\n                                    \t\t<\/li>\n            \t            <\/ul>\n\n        [\/vc_column][vc_column width=&#8221;1\/3&#8243;]\n                            <style media=\"screen\">\n                            \t\t\t\t#list-ysp8lioIGh .sh-list-content {\n        \t\t\t\t\tcolor: #8d8d8d!important;\n        \t\t\t\t}\n        \t\t\t\n                    \n        \t\t\t        \t\t\t\t#list-ysp8lioIGh .sh-list-icon i {\n        \t\t\t\t\tcolor: #8d8d8d!important;\n        \t\t\t\t}\n        \t\t\t\n                    \n                    \n                    \n                    \n                                    <\/style>\n            \n            <ul class=\"sh-list sh-list-vc sh-list-style1\" id=\"list-ysp8lioIGh\">\n            \t            \t\t<li class=\"sh-list-item\">\n                                                    <a href=\"https:\/\/larifan.lv\/intimajai-veselibai-produkti\"  >\n                        \n                \t\t\t<span class=\"sh-list-icon\">\n                                                                    <i class=\"icon-arrow-right-circle\"><\/i>\n                                                \t\t\t<\/span>\n                \t\t\t<span class=\"sh-list-content\">\n                                Int\u012bmajai vesel\u012bbai                            <\/span>\n\n                                                    <\/a>\n                                    \t\t<\/li>\n            \t            <\/ul>\n\n        \n                            <style media=\"screen\">\n                            \t\t\t\t#list-isFN3EdaOh .sh-list-content {\n        \t\t\t\t\tcolor: #8d8d8d!important;\n        \t\t\t\t}\n        \t\t\t\n                    \n        \t\t\t        \t\t\t\t#list-isFN3EdaOh .sh-list-icon i {\n        \t\t\t\t\tcolor: #8d8d8d!important;\n        \t\t\t\t}\n        \t\t\t\n                    \n                    \n                    \n                    \n                                    <\/style>\n            \n            <ul class=\"sh-list sh-list-vc sh-list-style1\" id=\"list-isFN3EdaOh\">\n            \t            \t\t<li class=\"sh-list-item\">\n                                                    <a href=\"https:\/\/larifan.lv\/lupu-kopsanai-produkti\"  >\n                        \n                \t\t\t<span class=\"sh-list-icon\">\n                                                                    <i class=\"icon-arrow-right-circle\"><\/i>\n                                                \t\t\t<\/span>\n                \t\t\t<span class=\"sh-list-content\">\n                                L\u016bp\u0101m                            <\/span>\n\n                                                    <\/a>\n                                    \t\t<\/li>\n            \t            <\/ul>\n\n        [\/vc_column][vc_column width=&#8221;1\/3&#8243;]\n                            <style media=\"screen\">\n                            \t\t\t\t#list-suUjOAtkeD .sh-list-content {\n        \t\t\t\t\tcolor: #8d8d8d!important;\n        \t\t\t\t}\n        \t\t\t\n                    \n        \t\t\t        \t\t\t\t#list-suUjOAtkeD .sh-list-icon i {\n        \t\t\t\t\tcolor: #8d8d8d!important;\n        \t\t\t\t}\n        \t\t\t\n                    \n                    \n                    \n                    \n                                    <\/style>\n            \n            <ul class=\"sh-list sh-list-vc sh-list-style1\" id=\"list-suUjOAtkeD\">\n            \t            \t\t<li class=\"sh-list-item\">\n                                                    <a href=\"https:\/\/larifan.lv\/mutes-dobuma-higienai\"  >\n                        \n                \t\t\t<span class=\"sh-list-icon\">\n                                                                    <i class=\"icon-arrow-right-circle\"><\/i>\n                                                \t\t\t<\/span>\n                \t\t\t<span class=\"sh-list-content\">\n                                Mutes dobuma higi\u0113nai                            <\/span>\n\n                                                    <\/a>\n                                    \t\t<\/li>\n            \t            <\/ul>\n\n        \n                            <style media=\"screen\">\n                            \t\t\t\t#list-xRVutnoZOm .sh-list-content {\n        \t\t\t\t\tcolor: #8d8d8d!important;\n        \t\t\t\t}\n        \t\t\t\n                    \n        \t\t\t        \t\t\t\t#list-xRVutnoZOm .sh-list-icon i {\n        \t\t\t\t\tcolor: #8d8d8d!important;\n        \t\t\t\t}\n        \t\t\t\n                    \n                    \n                    \n                    \n                                    <\/style>\n            \n            <ul class=\"sh-list sh-list-vc sh-list-style1\" id=\"list-xRVutnoZOm\">\n            \t            \t\t<li class=\"sh-list-item\">\n                                                    <a href=\"https:\/\/larifan.lv\/dezinfekcijas-lidzekli\"  >\n                        \n                \t\t\t<span class=\"sh-list-icon\">\n                                                                    <i class=\"icon-arrow-right-circle\"><\/i>\n                                                \t\t\t<\/span>\n                \t\t\t<span class=\"sh-list-content\">\n                                Dezinfekcijas l\u012bdzek\u013ci                            <\/span>\n\n                                                    <\/a>\n                                    \t\t<\/li>\n            \t            <\/ul>\n\n        \n                            <style media=\"screen\">\n                            \t\t\t\t#list-dhlODsB7jS .sh-list-content {\n        \t\t\t\t\tcolor: #8d8d8d!important;\n        \t\t\t\t}\n        \t\t\t\n                    \n        \t\t\t        \t\t\t\t#list-dhlODsB7jS .sh-list-icon i {\n        \t\t\t\t\tcolor: #8d8d8d!important;\n        \t\t\t\t}\n        \t\t\t\n                    \n                    \n                    \n                    \n                                    <\/style>\n            \n            <ul class=\"sh-list sh-list-vc sh-list-style1\" id=\"list-dhlODsB7jS\">\n            \t            \t\t<li class=\"sh-list-item\">\n                                                    <a href=\"https:\/\/larifan.lv\/brucu-apstradei\"  >\n                        \n                \t\t\t<span class=\"sh-list-icon\">\n                                                                    <i class=\"icon-arrow-right-circle\"><\/i>\n                                                \t\t\t<\/span>\n                \t\t\t<span class=\"sh-list-content\">\n                                Br\u016b\u010du apstr\u0101dei                            <\/span>\n\n                                                    <\/a>\n                                    \t\t<\/li>\n            \t            <\/ul>\n\n        [\/vc_column][\/vc_row][vc_row][vc_column]\n<div id=\"divider-2xneS0fqGm\" class=\"sh-divider sh-divider- sh-divider-content-none\">\n\t\t\t<div class=\"sh-divider-line\"><\/div>\n\t<\/div>\n            <style type=\"text\/css\">\n                #divider-2xneS0fqGm {}#divider-2xneS0fqGm.sh-divider-content-none .sh-divider-line {border-top-width: 1px;border-top-style: solid;}            <\/style>\n        [\/vc_column][\/vc_row][vc_row overflow=&#8221;default&#8221; css=&#8221;.vc_custom_1643655022192{padding-top: 20px !important;padding-bottom: 30px !important;}&#8221;][vc_column]<div class=\"woocommerce columns-3 \"><ul class=\"products\">\n<li class=\"product type-product post-1218 status-publish first instock product_cat-brucu-apstradei product_cat-imunitatei product_cat-lupu-kopsanai has-post-thumbnail shipping-taxable product-type-external\">\n\t\n\t<div class=\"sh-woo-post-image test\">\n\t\t\t<\/div>\n\n\t<div class=\"sh-woo-post-content-container\"><\/div><\/li>\n<li class=\"product type-product post-1381 status-publish instock product_cat-brucu-apstradei product_cat-imunitatei product_cat-lupu-kopsanai has-post-thumbnail shipping-taxable product-type-external\">\n\t\n\t<div class=\"sh-woo-post-image test\">\n\t\t\t<\/div>\n\n\t<div class=\"sh-woo-post-content-container\"><\/div><\/li>\n<li class=\"product type-product post-1270 status-publish last instock product_cat-saaukstesanas has-post-thumbnail shipping-taxable product-type-external\">\n\t\n\t<div class=\"sh-woo-post-image test\">\n\t\t\t<\/div>\n\n\t<div class=\"sh-woo-post-content-container\"><\/div><\/li>\n<li class=\"product type-product post-1423 status-publish first instock product_cat-saaukstesanas has-post-thumbnail shipping-taxable product-type-external\">\n\t\n\t<div class=\"sh-woo-post-image test\">\n\t\t\t<\/div>\n\n\t<div class=\"sh-woo-post-content-container\"><\/div><\/li>\n<li class=\"product type-product post-1425 status-publish instock product_cat-saaukstesanas has-post-thumbnail shipping-taxable product-type-external\">\n\t\n\t<div class=\"sh-woo-post-image test\">\n\t\t\t<\/div>\n\n\t<div class=\"sh-woo-post-content-container\"><\/div><\/li>\n<li class=\"product type-product post-1427 status-publish last instock product_cat-saaukstesanas has-post-thumbnail shipping-taxable product-type-external\">\n\t\n\t<div class=\"sh-woo-post-image test\">\n\t\t\t<\/div>\n\n\t<div class=\"sh-woo-post-content-container\"><\/div><\/li>\n<li class=\"product type-product post-1429 status-publish first instock product_cat-saaukstesanas has-post-thumbnail shipping-taxable product-type-external\">\n\t\n\t<div class=\"sh-woo-post-image test\">\n\t\t\t<\/div>\n\n\t<div class=\"sh-woo-post-content-container\"><\/div><\/li>\n<\/ul><\/div>[\/vc_column][\/vc_row]<\/p>\n","protected":false},"excerpt":{"rendered":"<p>[vc_row overflow=&#8221;default&#8221; css=&#8221;.vc_custom_1643571446281{padding-top: 30px !important;padding-bottom: 30px !important;}&#8221;][vc_column width=&#8221;1\/3&#8243;][\/vc_column][vc_column width=&#8221;1\/3&#8243;][\/vc_column][vc_column width=&#8221;1\/3&#8243;][\/vc_column][\/vc_row][vc_row][vc_column][\/vc_column][\/vc_row][vc_row overflow=&#8221;default&#8221; css=&#8221;.vc_custom_1643655022192{padding-top: 20px !important;padding-bottom: 30px !important;}&#8221;][vc_column][\/vc_column][\/vc_row]<\/p>\n","protected":false},"author":5,"featured_media":0,"parent":0,"menu_order":0,"comment_status":"closed","ping_status":"closed","template":"","meta":{"disable_featured_image":false},"aioseo_notices":[],"amp_enabled":true,"_links":{"self":[{"href":"https:\/\/larifan.eu\/ru\/wp-json\/wp\/v2\/pages\/2083"}],"collection":[{"href":"https:\/\/larifan.eu\/ru\/wp-json\/wp\/v2\/pages"}],"about":[{"href":"https:\/\/larifan.eu\/ru\/wp-json\/wp\/v2\/types\/page"}],"author":[{"embeddable":true,"href":"https:\/\/larifan.eu\/ru\/wp-json\/wp\/v2\/users\/5"}],"replies":[{"embeddable":true,"href":"https:\/\/larifan.eu\/ru\/wp-json\/wp\/v2\/comments?post=2083"}],"version-history":[{"count":1,"href":"https:\/\/larifan.eu\/ru\/wp-json\/wp\/v2\/pages\/2083\/revisions"}],"predecessor-version":[{"id":2696,"href":"https:\/\/larifan.eu\/ru\/wp-json\/wp\/v2\/pages\/2083\/revisions\/2696"}],"wp:attachment":[{"href":"https:\/\/larifan.eu\/ru\/wp-json\/wp\/v2\/media?parent=2083"}],"curies":[{"name":"wp","href":"https:\/\/api.w.org\/{rel}","templated":true}]}}