{"id":1879,"date":"2021-08-13T21:08:49","date_gmt":"2021-08-13T18:08:49","guid":{"rendered":"http:\/\/larifan.lv\/about-us\/"},"modified":"2022-10-28T11:06:41","modified_gmt":"2022-10-28T08:06:41","slug":"%d0%be-%d0%bd%d0%b0%d1%81","status":"publish","type":"page","link":"https:\/\/larifan.eu\/ru\/%d0%be-%d0%bd%d0%b0%d1%81\/","title":{"rendered":"\u041e \u043d\u0430\u0441"},"content":{"rendered":"<p>[vc_row overflow=&#8221;default&#8221; css=&#8221;.vc_custom_1643308766592{border-top-width: 60px !important;padding-bottom: 60px !important;}&#8221;][vc_column][vc_btn title=&#8221;Inform\u0101cija medijiem&#8221; style=&#8221;classic&#8221; link=&#8221;url:https%3A%2F%2Flarifan.eu%2Finformacija-medijiem%2F&#8221;][vc_column_text]Larifan izstr\u0101d\u0101ts Latvijas Zin\u0101t\u0146u Akad\u0113mijas Mikrobiolo\u0123ijas instit\u016bt\u0101 pag\u0101ju\u0161\u0101 gs. beig\u0101s. Tas veidojies k\u0101 blakusprodukts zin\u0101tniskiem p\u0113t\u012bjumiem par pretv\u012brusu imunit\u0101ti. Ar 1997.gadu t\u0101 ra\u017eo\u0161anu un ievie\u0161anu p\u0101r\u0146\u0113mis uz\u0146\u0113mums \u201cSIA Larif\u0101ns\u201d.<\/p>\n<p>\u201eLarifan\u201d ir komerci\u0101ls nosaukums dabiskas izcelsmes dubultspir\u0101liskai ribonukleinsk\u0101bei (Acidum ribonucleinicum duplicatum), sa\u012bsin\u0101ti dsRNS Larifan. Larifan ieg\u016bst biotehnolo\u0123isk\u0101 ce\u013c\u0101 no <em>Escherichia coli<\/em> \u0161\u016bn\u0101m. Rad\u012btie prepar\u0101ti ir <strong>dabiskas izcelsmes BioProdukti<\/strong>, kuriem piem\u012bt <strong>pretv\u012brusu un im\u016bnmodul\u0113jo\u0161a darb\u012bba<\/strong>.[\/vc_column_text][vc_column_text]<strong>2014. gad\u0101 uz\u0146\u0113mumam pie\u0161\u0137irta Eksporta un inov\u0101cijas balva.<\/strong>[\/vc_column_text][vc_single_image image=&#8221;1465&#8243; img_size=&#8221;medium&#8221; add_caption=&#8221;yes&#8221;][\/vc_column][\/vc_row]<\/p>\n","protected":false},"excerpt":{"rendered":"<p>[vc_row overflow=&#8221;default&#8221; css=&#8221;.vc_custom_1643308766592{border-top-width: 60px !important;padding-bottom: 60px !important;}&#8221;][vc_column][vc_btn title=&#8221;Inform\u0101cija medijiem&#8221; style=&#8221;classic&#8221; link=&#8221;url:https%3A%2F%2Flarifan.eu%2Finformacija-medijiem%2F&#8221;][vc_column_text]Larifan izstr\u0101d\u0101ts Latvijas Zin\u0101t\u0146u Akad\u0113mijas Mikrobiolo\u0123ijas instit\u016bt\u0101 pag\u0101ju\u0161\u0101 gs. beig\u0101s. Tas veidojies k\u0101 blakusprodukts zin\u0101tniskiem p\u0113t\u012bjumiem par pretv\u012brusu imunit\u0101ti. Ar 1997.gadu t\u0101 ra\u017eo\u0161anu un ievie\u0161anu p\u0101r\u0146\u0113mis uz\u0146\u0113mums \u201cSIA Larif\u0101ns\u201d. \u201eLarifan\u201d ir komerci\u0101ls nosaukums dabiskas izcelsmes&#8230;<\/p>\n","protected":false},"author":5,"featured_media":0,"parent":0,"menu_order":0,"comment_status":"closed","ping_status":"closed","template":"","meta":{"disable_featured_image":false},"aioseo_notices":[],"amp_enabled":true,"_links":{"self":[{"href":"https:\/\/larifan.eu\/ru\/wp-json\/wp\/v2\/pages\/1879"}],"collection":[{"href":"https:\/\/larifan.eu\/ru\/wp-json\/wp\/v2\/pages"}],"about":[{"href":"https:\/\/larifan.eu\/ru\/wp-json\/wp\/v2\/types\/page"}],"author":[{"embeddable":true,"href":"https:\/\/larifan.eu\/ru\/wp-json\/wp\/v2\/users\/5"}],"replies":[{"embeddable":true,"href":"https:\/\/larifan.eu\/ru\/wp-json\/wp\/v2\/comments?post=1879"}],"version-history":[{"count":4,"href":"https:\/\/larifan.eu\/ru\/wp-json\/wp\/v2\/pages\/1879\/revisions"}],"predecessor-version":[{"id":2765,"href":"https:\/\/larifan.eu\/ru\/wp-json\/wp\/v2\/pages\/1879\/revisions\/2765"}],"wp:attachment":[{"href":"https:\/\/larifan.eu\/ru\/wp-json\/wp\/v2\/media?parent=1879"}],"curies":[{"name":"wp","href":"https:\/\/api.w.org\/{rel}","templated":true}]}}