{"id":3413,"date":"2023-02-28T11:04:06","date_gmt":"2023-02-28T09:04:06","guid":{"rendered":"https:\/\/larifan.eu\/?post_type=product&#038;p=3413"},"modified":"2023-03-07T07:48:51","modified_gmt":"2023-03-07T05:48:51","slug":"larifan-laryngo-ar-ingveru-un-citronu-garsu-55g","status":"publish","type":"product","link":"https:\/\/larifan.eu\/en\/products\/larifan-laryngo-ar-ingveru-un-citronu-garsu-55g\/","title":{"rendered":"Larifan Laryngo ar ingveru un citronu gar\u0161u, 55g."},"content":{"rendered":"<p>Larifan Laryngo sast\u0101v\u0101 iek\u013cautais patent\u0113tais dabiskas izcelsmes komponents dsRNA Larifan ir efekt\u012bvs l\u012bdzeklis organisma dab\u012bgo lok\u0101lo aizsargsp\u0113ju regul\u0113\u0161anai, jo pasarg\u0101 mutes g\u013cot\u0101du un r\u012bkles galu pret da\u017e\u0101du kait\u012bgu \u0101r\u0113j\u0101s vides faktoru iedarb\u012bbu, \u012bpa\u0161i &#8211; v\u012brusu un bakt\u0113riju att\u012bst\u012bbu un iek\u013c\u016b\u0161anu organism\u0101 caur muti.<\/p>\n<p>Larifan Laryngo mazina iekaisuma procesus, tam piem\u012bt ar\u012b viegla ats\u0101pino\u0161a darb\u012bba.<\/p>\n<p>Ieteicams pa\u0146emt konfekti mut\u0113 un s\u016bk\u0101t l\u012bdz t\u0101 izk\u016bst.<\/p>\n<p>Konfektes pieejamas ar sekojo\u0161\u0101m gar\u0161\u0101m \u2013 \u0137ir\u0161u, medus un \u0137iploku, laima un piparm\u0113tru, ingvera un citronu.<\/p>\n<p><strong>Sast\u0101vs<\/strong><\/p>\n<p>Glucose syrup, Sugar, Water, Gelatin, Lemon flavor, grounded Ginger, acidity regulator \u2013 Citric acid, glazing agent \u2013 Camauba wax, dubultspir\u0101liska ribonukle\u012bnsk\u0101be Larifan\u00ae<\/p>\n","protected":false},"excerpt":{"rendered":"<p>Larifan Laryngo ir s\u016bk\u0101jamas \u017eelejkonfektes, kas nomierina iekaisuma procesus mutes dobum\u0101 un r\u012bkles gal\u0101, mazina kairin\u0101jumu kakl\u0101 un uzlabo pa\u0161saj\u016btu.<\/p>\n","protected":false},"featured_media":3414,"template":"","meta":{"disable_featured_image":false},"product_cat":[49,70],"product_tag":[],"aioseo_notices":[],"_links":{"self":[{"href":"https:\/\/larifan.eu\/en\/wp-json\/wp\/v2\/product\/3413"}],"collection":[{"href":"https:\/\/larifan.eu\/en\/wp-json\/wp\/v2\/product"}],"about":[{"href":"https:\/\/larifan.eu\/en\/wp-json\/wp\/v2\/types\/product"}],"wp:featuredmedia":[{"embeddable":true,"href":"https:\/\/larifan.eu\/en\/wp-json\/wp\/v2\/media\/3414"}],"wp:attachment":[{"href":"https:\/\/larifan.eu\/en\/wp-json\/wp\/v2\/media?parent=3413"}],"wp:term":[{"taxonomy":"product_cat","embeddable":true,"href":"https:\/\/larifan.eu\/en\/wp-json\/wp\/v2\/product_cat?post=3413"},{"taxonomy":"product_tag","embeddable":true,"href":"https:\/\/larifan.eu\/en\/wp-json\/wp\/v2\/product_tag?post=3413"}],"curies":[{"name":"wp","href":"https:\/\/api.w.org\/{rel}","templated":true}]}}