{"id":2156,"date":"2022-07-29T10:42:30","date_gmt":"2022-07-29T07:42:30","guid":{"rendered":"https:\/\/larifan.eu\/?post_type=product&#038;p=2156"},"modified":"2024-02-23T15:11:17","modified_gmt":"2024-02-23T13:11:17","slug":"larifan-mouthwash-total-care","status":"publish","type":"product","link":"https:\/\/larifan.eu\/en\/products\/larifan-mouthwash-total-care\/","title":{"rendered":"Larifan Mouthwash Total Care"},"content":{"rendered":"<p>[vc_row][vc_column][vc_column_text]Larifan Mouthwash Total Care ir inovat\u012bvs l\u012bdzeklis zobu un mutes g\u013cot\u0101das kop\u0161anai ar antibakteri\u0101lu un antivir\u0101lu iedarb\u012bbu. Tas aizsarg\u0101 un nomierina mutes g\u013cot\u0101du, pasarg\u0101 no aplikuma veido\u0161an\u0101s, stiprina smaganas un kav\u0113 kariesa att\u012bst\u012bbu. Larifan Mouthwash \u0101tri un efekt\u012bvi iedarbojas ar\u012b taj\u0101s mutes dobuma viet\u0101s, ko nevar aizsniegt ar zobu birsti.<\/p>\n<p>Sast\u0101v\u0101 ir iek\u013cauts patent\u0113ts, dabiskas izcelsmes komponents dsRNS Larifan, kas pie\u0161\u0137ir aizsardz\u012bbu pret v\u012brusu un bakt\u0113riju iek\u013c\u016b\u0161anu un att\u012bst\u012bbu organism\u0101 caur mutes dobumu. Savuk\u0101rt \u0113terisk\u0101s e\u013c\u013cas nodro\u0161ina papildus antiseptisku un pretiekaisma iedarb\u012bbu.<\/p>\n<p><strong>Mutes skalojamais l\u012bdzeklis \u012bpa\u0161i ieteicams:<\/strong><\/p>\n<ul>\n<li>cilv\u0113kiem ar noslieci uz herpes stomat\u012btiem<\/li>\n<li>cilv\u0113kiem ar bie\u017eiem aftoziem stomat\u012btiem un citiem iekaisuma procesiem mutes<br \/>\ndobum\u0101<\/li>\n<li>iz\u0146emamo prot\u0113\u017eu lietot\u0101jiem, kuriem veidojas g\u013cot\u0101das nobr\u0101zumi<\/li>\n<\/ul>\n<p>Mutes skalojamajam l\u012bdzeklim piem\u012bt antiseptiska, pretiekaisuma un nomierino\u0161a iedarb\u012bba.<br \/>\n\u012apa\u0161i efekt\u012bva iedarb\u012bba, lietojot kombin\u0101cij\u0101 ar Larifan zobu pastu.<\/p>\n<p><strong>Sast\u0101vs<\/strong><br \/>\nMelaleuca Alternifolia Oil, Mentha Piperita Oil, Pimpinella Anisum Seed Oil, Citrus Aurantium Dulcis Peel Oil, Eugenia Caryophyllus Flower Oil, dsRNS Larifan. Satur alkoholu.<\/p>\n<p>Att\u0113liem ir ilustrat\u012bva noz\u012bme, par produkta apraksta inform\u0101ciju atbild ra\u017eot\u0101js.<br \/>\nAtbild\u012bbu par izvietoto tekstu uz\u0146emas produkta ra\u017eot\u0101js[\/vc_column_text][\/vc_column][\/vc_row]<\/p>\n","protected":false},"excerpt":{"rendered":"<p class=\"western\">Larifan mouthwash has antiseptic, anti-inflammatory and soothing effects. Particularly effective when used in combination with Larifan toothpaste.<\/p>\n","protected":false},"featured_media":2416,"template":"","meta":{"disable_featured_image":false},"product_cat":[49,73],"product_tag":[],"aioseo_notices":[],"_links":{"self":[{"href":"https:\/\/larifan.eu\/en\/wp-json\/wp\/v2\/product\/2156"}],"collection":[{"href":"https:\/\/larifan.eu\/en\/wp-json\/wp\/v2\/product"}],"about":[{"href":"https:\/\/larifan.eu\/en\/wp-json\/wp\/v2\/types\/product"}],"wp:featuredmedia":[{"embeddable":true,"href":"https:\/\/larifan.eu\/en\/wp-json\/wp\/v2\/media\/2416"}],"wp:attachment":[{"href":"https:\/\/larifan.eu\/en\/wp-json\/wp\/v2\/media?parent=2156"}],"wp:term":[{"taxonomy":"product_cat","embeddable":true,"href":"https:\/\/larifan.eu\/en\/wp-json\/wp\/v2\/product_cat?post=2156"},{"taxonomy":"product_tag","embeddable":true,"href":"https:\/\/larifan.eu\/en\/wp-json\/wp\/v2\/product_tag?post=2156"}],"curies":[{"name":"wp","href":"https:\/\/api.w.org\/{rel}","templated":true}]}}