{"id":1272,"date":"2021-08-24T21:30:30","date_gmt":"2021-08-24T18:30:30","guid":{"rendered":"https:\/\/larifan.eu\/?post_type=product&#038;p=1272"},"modified":"2024-02-23T15:31:01","modified_gmt":"2024-02-23T13:31:01","slug":"larifan-zobu-pasta","status":"publish","type":"product","link":"https:\/\/larifan.eu\/en\/products\/larifan-zobu-pasta\/","title":{"rendered":"Larifan zobu pasta"},"content":{"rendered":"<p>[vc_row][vc_column][vc_column_text]<\/p>\r\n<p><strong>ZOBU PASTA LARIFAN<\/strong><\/p>\r\n\r\n<p>Satur n\u0101trija fluor\u012bdu.<\/p>\r\n\r\n<p><strong>Zobu pasta \u201cLarifan\u201d <\/strong>zobu un mutes dobuma g\u013cot\u0101das kop\u0161anai un aizsardz\u012bbai paredz\u0113ta <strong>pieaugu\u0161iem un b\u0113rniem.<\/strong> Unik\u0101la zobu pastas formula, kas satur dsRNS Larifan\u00ae, maigi un efekt\u012bvi att\u012bra zobus un atsvaidzina elpu. T\u0101 pasarg\u0101 no aplikuma veido\u0161an\u0101s un kariesa, stiprina zobu emalju un smaganas, nomierina un aizsarg\u0101 mutes dobuma g\u013cot\u0101du. Ieteicams ar\u012b person\u0101m, kuras lieto iz\u0146emam\u0101s zobu prot\u0113zes.<\/p>\r\n\r\n<p><strong>Kl\u012bniski test\u0113ts.<\/strong><\/p>\r\n\r\n<p><strong>LIETO\u0160ANA:<\/strong> Lietot 2 reizes dien\u0101, t\u012brot zobus vismaz 3 min\u016btes. B\u0113rniem vecum\u0101 l\u012bdz se\u0161iem gadiem: lietot pastu zir\u0146a lielum\u0101 un t\u012br\u012bt zobus pieaugu\u0161\u0101 uzraudz\u012bb\u0101, lai samazin\u0101tu nor\u012b\u0161anas iesp\u0113ju. Ja lietojat citus fluoru saturo\u0161us l\u012bdzek\u013cus, konsult\u0113jieties ar zob\u0101rstu vai \u0101rstu. Glab\u0101t istabas temperat\u016br\u0101 b\u0113rniem neredzam\u0101 un nepieejam\u0101 viet\u0101.<\/p>\r\n\r\n<p><strong>SAST\u0100VDA\u013bAS:<\/strong> Aqua, Silica, Sorbitol, Glycerin, Sodium Bicarbonate, Cellulose Gum, Sodium Lauroyl Sarcosinate, Sodium Chloride, Parfum, Sodium Benzoate, Sodium Fluoride, Limonene, Cinnamal, RNA (dsRNA -Dubultspir\u0101liska ribonukle\u012bnsk\u0101be Larifan\u00ae), CI 77891.<\/p>\r\n\r\n<p>Parast\u0101 lieto\u0161anas zona \u2013 zobu virsma.<\/p>\r\n\r\n<p><strong>Sapr\u0101t\u012bgi paredzam\u0101 lieto\u0161anas zona: mutes dobums (kop\u0101 ar zobiem).<\/strong><\/p>\r\n\r\n<p>Parast\u0101s lieto\u0161anas zobu pastas daudzums pieaugu\u0161ajiem ir 1,0 g lieto\u0161anas reiz\u0113. Tik pie\u0146emts, ka maz\u0101k k\u0101 25% (kas ir aptuveni 0,25 g) iek\u013c\u016bst ku\u0146\u0123\u012b (iek\u0161\u0137\u012bgi). T\u0101p\u0113c parast\u0101s lieto\u0161anas zobu pastas daudzums palielin\u0101ts l\u012bdz 1,25 g.<\/p>\r\n\r\n<p>Parast\u0101s lieto\u0161anas zobu pastas daudzums b\u0113rniem ir 0,3 g lieto\u0161anas reiz\u0113 (zir\u0146u lielum\u0101). Tik pie\u0146emts, ka 50 % aptuveni 0,15 g) iek\u013c\u016bst ku\u0146\u0123\u012b (iek\u0161\u0137\u012bgi).T\u0101p\u0113c parast\u0101s lieto\u0161anas zobu pastas daudzums b\u0113rniem ir 0,45 g.<\/p>\r\n\r\n<p>Sapr\u0101t\u012bgi paredzamas lieto\u0161anas daudzums pieaugu\u0161ajiem ir 1,2 g lieto\u0161anas reiz\u0113. Tik pie\u0146emts, ka 0,3 g daudzums iek\u013c\u016bst ku\u0146\u0123\u012b (iek\u0161\u0137\u012bgi).T\u0101p\u0113c saprat\u012bgi paredzamas lieto\u0161anas zobu pastas daudzums ir 1,5 g.<\/p>\r\n\r\n<p>Sapr\u0101t\u012bgi paredzamas lieto\u0161anas daudzums b\u0113rniem ir 0,4 g lieto\u0161anas reiz\u0113. Tik pie\u0146emts, ka 0,2 g daudzums iek\u013c\u016bst ku\u0146\u0123\u012b (iek\u0161\u0137\u012bgi).T\u0101p\u0113c saprat\u012bgi paredzamas lieto\u0161anas zobu pastas daudzums b\u0113rniem ir 0,6 g.<\/p>\r\n\r\n<p><iframe loading=\"lazy\" title=\"Larifan zobu pasta\" width=\"500\" height=\"281\" src=\"https:\/\/www.youtube.com\/embed\/sS7TNI2WOI8?start=1&#038;feature=oembed\" frameborder=\"0\" allow=\"accelerometer; autoplay; clipboard-write; encrypted-media; gyroscope; picture-in-picture; web-share\" allowfullscreen><\/iframe><\/p>\r\n<p>[\/vc_column_text][\/vc_column][\/vc_row]<\/p>","protected":false},"excerpt":{"rendered":"<p>Zobu pasta Larinfan ir ori\u0123in\u0101la sast\u0101va l\u012bdzeklis mutes dobuma g\u013cot\u0101das kop\u0161anai. T\u0101s sast\u0101v\u0101 ir iek\u013cauts patent\u0113ts, dabiskas izcelsmes komponents dsRNA Larifan, kas pie\u0161\u0137ir papildus aizsardz\u012bbu pret v\u012brusu un mikrobu iek\u013c\u016b\u0161anu un att\u012bst\u012bbu organism\u0101 caur mutes dobumu.<\/p>\n","protected":false},"featured_media":2419,"template":"","meta":{"disable_featured_image":false},"product_cat":[73],"product_tag":[],"aioseo_notices":[],"_links":{"self":[{"href":"https:\/\/larifan.eu\/en\/wp-json\/wp\/v2\/product\/1272"}],"collection":[{"href":"https:\/\/larifan.eu\/en\/wp-json\/wp\/v2\/product"}],"about":[{"href":"https:\/\/larifan.eu\/en\/wp-json\/wp\/v2\/types\/product"}],"wp:featuredmedia":[{"embeddable":true,"href":"https:\/\/larifan.eu\/en\/wp-json\/wp\/v2\/media\/2419"}],"wp:attachment":[{"href":"https:\/\/larifan.eu\/en\/wp-json\/wp\/v2\/media?parent=1272"}],"wp:term":[{"taxonomy":"product_cat","embeddable":true,"href":"https:\/\/larifan.eu\/en\/wp-json\/wp\/v2\/product_cat?post=1272"},{"taxonomy":"product_tag","embeddable":true,"href":"https:\/\/larifan.eu\/en\/wp-json\/wp\/v2\/product_tag?post=1272"}],"curies":[{"name":"wp","href":"https:\/\/api.w.org\/{rel}","templated":true}]}}