{"id":1270,"date":"2021-08-24T21:23:41","date_gmt":"2021-08-24T18:23:41","guid":{"rendered":"https:\/\/larifan.eu\/?post_type=product&#038;p=1270"},"modified":"2024-02-23T15:31:28","modified_gmt":"2024-02-23T13:31:28","slug":"larifan-spray-lv","status":"publish","type":"product","link":"https:\/\/larifan.eu\/en\/products\/larifan-spray-lv\/","title":{"rendered":"Larifan Spray"},"content":{"rendered":"\r\n<p><strong>DAB\u012aGO AIZSARGSP\u0112JU UZTUR\u0112\u0160ANAI MUTES G\u013bOT\u0100DAI. <\/strong><\/p>\r\n\r\n\r\n\r\n<p>Aerosols \u201cLarifan Spray\u201d 0,02 % &#8211; unik\u0101ls produkts, kas satur dsRNS Larifan, paredz\u0113ts mutes g\u013cot\u0101das aizsardz\u012bbai un kop\u0161anai.<\/p>\r\n\r\n\r\n\r\n<p><br \/><strong>Darb\u012bba: <\/strong>uztur mutes g\u013cot\u0101das dab\u012bg\u0101s aizsargsp\u0113jas, m\u012bkstina un mazina diskomforta un sausuma saj\u016btu, atsvaidzina elpu. \u012apa\u0161i ieteicams respirat\u012bvo probl\u0113mu periodos.<\/p>\r\n\r\n\r\n\r\n<p><br \/><strong>Lieto\u0161anas veids: <\/strong>Larifan Spray komplekt\u0101 ir iek\u013cauta aerosola pudel\u012bte (ar 2 mg liofiliz\u0113ta dsRNS Larifan) ar izsmidzin\u0101mu uzgali un 10 ml NaCl 0,9% \u0161\u0137\u012bdums.<\/p>\r\n\r\n\r\n\r\n<p><br \/><strong>Uzman\u012bbu! <\/strong>dsRNA Larifan, kas atrodas pudel\u012bt\u0113, tiek pak\u013cauta liofilai \u017e\u0101v\u0113\u0161anai (liofiliz\u0113ta), un t\u0101 izs\u0113\u017eas nelielu nogul\u0161\u0146u form\u0101 pudel\u012btes apak\u0161\u0101. Komplekt\u0101 iek\u013cautais NaCl 0.9% \u0161\u0137\u012bdums paredz\u0113ts LARIFAN SPRAY pudel\u012btes satura \u0161\u0137\u012bdin\u0101\u0161anai pirms lieto\u0161anas.<\/p>\r\n\r\n\r\n\r\n<p><br \/><strong>Glab\u0101\u0161anas nosac\u012bjumi: <\/strong>Liofiliz\u0113tu (ne\u0161\u0137\u012bdin\u0101tu) Larif\u0101nu glab\u0101t istabas temperat\u016br\u0101. P\u0113c iz\u0161\u0137\u012bdin\u0101\u0161anas glab\u0101t ledusskap\u012b 3-4 dienas pie +2\u00b0C l\u012bdz +8\u00b0C, ilg\u0101k glab\u0101jot t\u0101 aktivit\u0101te var samazin\u0101ties. Neizlietotu \u0161\u0137\u012bdumu var sasald\u0113t un glab\u0101t ilgsto\u0161i. Uzglab\u0101t b\u0113rniem neredzam\u0101 un nepieejam\u0101 viet\u0101!<\/p>\r\n\r\n\r\n\r\n<p><br \/><strong>Glab\u0101\u0161anas laiks:<\/strong> Ne\u0161\u0137\u012bdin\u0101t\u0101 veid\u0101 glab\u0101jams 3 gadus. NaCl 0,9 % der\u012bguma termi\u0146\u0161 nor\u0101d\u012bts uz t\u0101 kapsulas. Ja NaCl 0,9 % der\u012bguma termi\u0146\u0161 beidzas \u0101tr\u0101k, k\u0101 liofiliz\u0113tai akt\u012bvai sast\u0101vda\u013cai, tad NaCl 0,9 % \u0160\u0137\u012bdumu j\u0101nomaina pret citu lieto\u0161anai der\u012bgu. Par NaCl 0,9% \u0161\u0137\u012bdumu jaut\u0101jiet aptiek\u0101.<\/p>\r\n\r\n\r\n\r\n<p><br \/><strong>Sast\u0101vda\u013cas: (pudel\u0113):<\/strong> RNA (Double stranded ribonucleic acid Larifan).<br \/><strong>Sast\u0101vda\u013cas (kapsul\u0101): <\/strong>Aqua, Sodium Chloride.<\/p>\r\n\r\n\r\n\r\n<p><br \/>Parast\u0101 lieto\u0161anas zona \u2013 mutes dobums.<\/p>\r\n\r\n\r\n\r\n<p><br \/>Sapr\u0101t\u012bgi paredzam\u0101 lieto\u0161anas zona: \u2013 mutes dobums.<\/p>\r\n\r\n\r\n\r\n<p><br \/>Parast\u0101s lieto\u0161anas daudzums ir 1\/3 pudel\u012btes gatava satura (1\/3 da\u013ca no 10 g gatava \u0161\u0137\u012bduma pudel\u012bt\u0113) 5 lieto\u0161anas reiz\u0113s dien\u0101.<\/p>\r\n\r\n\r\n\r\n<p><br \/>Sapr\u0101t\u012bgi paredzamas maksim\u0101lais lieto\u0161anas daudzums ir 1\/2 pudel\u012btes gatava satura (1\/2 da\u013ca no 10 g gatava \u0161\u0137\u012bduma pudel\u012bt\u0113) 5 lieto\u0161anas reiz\u0113s dien\u0101.<\/p>\r\n<p><iframe loading=\"lazy\" title=\"K\u0101 sagatavot Larifan Spray lieto\u0161anai? | Larifan Spray instrukcija\" width=\"500\" height=\"281\" src=\"https:\/\/www.youtube.com\/embed\/Jqf21bX2-sI?feature=oembed\" frameborder=\"0\" allow=\"accelerometer; autoplay; clipboard-write; encrypted-media; gyroscope; picture-in-picture; web-share\" allowfullscreen><\/iframe><\/p>\r\n","protected":false},"excerpt":{"rendered":"<p>Larifan Spray ir izsmidzin\u0101ms l\u012bdzeklis mutes dobuma un r\u012bkles aizsardz\u012bbai pret v\u012brusiem. Larifan Spray satur patent\u0113tu dabiskas izcelsmes komponentu dsRNS Larifan, kas aktiv\u0113 un mobiliz\u0113 organisma dab\u012bg\u0101s aizsargsp\u0113jas un ne\u013cauj att\u012bst\u012bties infekcijai.<\/p>\n","protected":false},"featured_media":2467,"template":"","meta":{"disable_featured_image":false},"product_cat":[70],"product_tag":[],"aioseo_notices":[],"_links":{"self":[{"href":"https:\/\/larifan.eu\/en\/wp-json\/wp\/v2\/product\/1270"}],"collection":[{"href":"https:\/\/larifan.eu\/en\/wp-json\/wp\/v2\/product"}],"about":[{"href":"https:\/\/larifan.eu\/en\/wp-json\/wp\/v2\/types\/product"}],"wp:featuredmedia":[{"embeddable":true,"href":"https:\/\/larifan.eu\/en\/wp-json\/wp\/v2\/media\/2467"}],"wp:attachment":[{"href":"https:\/\/larifan.eu\/en\/wp-json\/wp\/v2\/media?parent=1270"}],"wp:term":[{"taxonomy":"product_cat","embeddable":true,"href":"https:\/\/larifan.eu\/en\/wp-json\/wp\/v2\/product_cat?post=1270"},{"taxonomy":"product_tag","embeddable":true,"href":"https:\/\/larifan.eu\/en\/wp-json\/wp\/v2\/product_tag?post=1270"}],"curies":[{"name":"wp","href":"https:\/\/api.w.org\/{rel}","templated":true}]}}