{"id":1268,"date":"2021-08-24T21:18:53","date_gmt":"2021-08-24T18:18:53","guid":{"rendered":"https:\/\/larifan.eu\/?post_type=product&#038;p=1268"},"modified":"2024-02-23T15:35:04","modified_gmt":"2024-02-23T13:35:04","slug":"larifan-peso","status":"publish","type":"product","link":"https:\/\/larifan.eu\/en\/products\/larifan-peso\/","title":{"rendered":"Larifan Peso"},"content":{"rendered":"\r\n<p><strong>Pes\u0101riju \u201eLarifan Peso 1,5 mg\u201d <\/strong>sast\u0101v\u0101 eso\u0161\u0101 akt\u012bv\u0101 viela ir dabiskas izcelsmes dsRNS Larifans, kurai, ja to lieto \u0101rstniecisk\u0101s dev\u0101s, piem\u012bt pretv\u012brusu un im\u016bnmodul\u0113jo\u0161a darb\u012bba. Larifan Peso satur akt\u012bvo vielu profilaktisk\u0101s dev\u0101s, lieto\u0161anas rezult\u0101t\u0101 pastiprin\u0101s organisma pretest\u012bba pret infekcij\u0101m, uzlabojas \u0161\u016bnu re\u0123ener\u0101cijas sp\u0113jas un br\u016b\u010du dz\u012b\u0161ana, samazin\u0101s iekaisuma reakcijas; nov\u0113rojams viegls lok\u0101ls ats\u0101pino\u0161s efekts.<\/p>\r\n\r\n\r\n\r\n<p>Lietots vagin\u0101li \u201eLarifan Peso 1,5 mg\u201d pal\u012bdz uzlabot un stiprin\u0101t lok\u0101l\u0101s aizsargsp\u0113jas, prevent\u012bvi darbojas pret v\u012brusu infekcij\u0101m un vienlaic\u012bgi uzr\u0101da preto\u0161an\u0101s sp\u0113jas pret da\u017e\u0101diem patolo\u0123iskiem procesiem makst\u012b.<\/p>\r\n\r\n\r\n\r\n<p><strong>Lieto\u0161anas indik\u0101cijas:<\/strong><\/p>\r\n\r\n\r\n\r\n<p>\u201eLarifan \u2013 Peso 1,5 mg lieto:<\/p>\r\n\r\n\r\n\r\n<ul>\r\n<li>maksts g\u013cot\u0101das hroniska kairin\u0101juma un s\u0101p\u012bguma gad\u012bjumos,<\/li>\r\n<li>dzemdes kakla g\u013cot\u0101das displ\u0101zijas gad\u012bjum\u0101 (s\u0101kuma stadijas),<\/li>\r\n<li>seksu\u0101li transmis\u012bvo saslim\u0161anu riska mazin\u0101\u0161anai,<\/li>\r\n<li>seksu\u0101li transmis\u012bvo slim\u012bbu izrais\u012bto seku m\u012bkstin\u0101\u0161anai.<\/li>\r\n<\/ul>\r\n\r\n\r\n\r\n<p><strong>K\u0101 lietot \u201eLarifan \u2013 Peso 1,5 mg\u201d:<\/strong><\/p>\r\n\r\n\r\n\r\n<p>Atbr\u012bvot pes\u0101riju no iepakojuma.<\/p>\r\n\r\n\r\n\r\n<p><strong>Profilaktiskos nol\u016bkos <\/strong>rekomend\u0113 lietot \u201dLarifan Peso 1,5 mg\u201d makst\u012b 5 ned\u0113\u013cas \u2013 pa vienam pes\u0101rijam ned\u0113\u013c\u0101.<\/p>\r\n\r\n\r\n\r\n<p><strong>Maksts g\u013cot\u0101das iekaisuma un s\u0101p\u012bguma gad\u012bjumos<\/strong> ievad\u012bt makst\u012b pa vienam \u201eLarifan \u2013 Peso 1,5 mg\u201d pes\u0101rijam ik vakaru pirms gul\u0113tie\u0161anas 5-10 vakarus p\u0113c k\u0101rtas. Lai saglab\u0101tu un stabiliz\u0113tu sasniegto pozit\u012bvo efektu, ieteicams pes\u0101riju lieto\u0161anu v\u0113l turpin\u0101t, papildus lietojot pes\u0101rijus 5 ned\u0113\u013cas \u2013 pa vienam pes\u0101rijam ned\u0113\u013c\u0101.<\/p>\r\n\r\n\r\n\r\n<p><strong>Ja nepat\u012bkam\u0101s kairin\u0101juma saj\u016btas nemazin\u0101s, konsult\u0113ties ar \u0101rstu.<\/strong><\/p>\r\n\r\n\r\n\r\n<p><strong>Herp\u0113tisko procesu \u0101rst\u0113\u0161anai <\/strong>&#8220;Larifan Peso 1,5 mg\u201d rekomend\u0113 lietot 10 dienas p\u0113c k\u0101rtas. Lieto\u0161anu turpina v\u0113l p\u0113c div\u0101m sekojo\u0161\u0101m menstru\u0101cij\u0101m, lietojot pa vienam pes\u0101rijam 3 \u2013 5 vakarus p\u0113c k\u0101rtas.<\/p>\r\n\r\n\r\n\r\n<p><strong>Dzemdes kakla g\u013cot\u0101das displ\u0101zijas gad\u012bjum\u0101<\/strong> \u201eLarifan Peso 1,5 mg\u201d lieto katru otro vai katru tre\u0161o vakaru 6 &#8211; 10 reizes. Atkar\u012bb\u0101 no ieg\u016bt\u0101 rezult\u0101ta, kursu atk\u0101rto 1 \u2013 2 reizes.<\/p>\r\n\r\n\r\n\r\n<p>Pes\u0101riju lieto\u0161anas laik\u0101 ieteicams izmantot biks\u012b\u0161u ieliktn\u012b\u0161us, lai izvair\u012btos no tauku traipu ra\u0161an\u0101s uz apak\u0161ve\u013cas.<\/p>\r\n\r\n\r\n\r\n<p><strong>Blakus par\u0101d\u012bbas:<\/strong><\/p>\r\n\r\n\r\n\r\n<p>Nelabv\u0113l\u012bgas blakus par\u0101d\u012bbas nav nov\u0113rotas.<\/p>\r\n\r\n\r\n\r\n<p><strong>Iepakojuma veids:<\/strong><\/p>\r\n\r\n\r\n\r\n<p>Pa 5 pes\u0101rijiem kartona kast\u012bt\u0113 ar kl\u0101t pievienotu lieto\u0161anas instrukciju.<\/p>\r\n\r\n\r\n\r\n<p><strong>Der\u012bguma termi\u0146\u0161:<\/strong><\/p>\r\n\r\n\r\n\r\n<p>2 gadi. Nelietot l\u012bdzekli p\u0113c t\u0101 der\u012bguma termi\u0146a beig\u0101m.<\/p>\r\n\r\n\r\n\r\n<p><strong>Uzglab\u0101\u0161ana:<\/strong><\/p>\r\n\r\n\r\n\r\n<p>Produkts j\u0101glab\u0101 saus\u0101, v\u0113s\u0101 (8 &#8211; 15 \u00b0C), b\u0113rniem nepieejam\u0101 un neredzam\u0101 viet\u0101.<\/p>\r\n\r\n\r\n\r\n<p><strong>Bie\u017e\u0101k uzdotie jaut\u0101jumi<\/strong><\/p>\r\n\r\n\r\n\r\n<p>Vai Larifan Peso pes\u0101rijus dr\u012bkst lietot gr\u016btniec\u012bbas vai b\u0113rna z\u012bd\u012b\u0161anas laik\u0101?<\/p>\r\n\r\n\r\n\r\n<p>Gr\u016btniec\u012bbas vai b\u0113rna z\u012bd\u012b\u0161anas gad\u012bjum\u0101 pirms lieto\u0161anas ieteicams konsult\u0113ties ar \u0101rstu<\/p>\r\n\r\n\r\n\r\n<p>K\u0101 pareizi glab\u0101t Larifan Peso pes\u0101rijus?<\/p>\r\n\r\n\r\n\r\n<p>Tos ieteicams uzglab\u0101t temperat\u016br\u0101 l\u012bdz +15<sup>o<\/sup>C<\/p>\r\n","protected":false},"excerpt":{"rendered":"<p>Pes\u0101riji Larifan Peso ir profilaktiskas darb\u012bbas medic\u012bnas preces, kas satur akt\u012bvo substanci. Larifana galven\u0101 funkcija ir organisma dab\u012bgo aizsargsp\u0113ju regul\u0113\u0161ana.Larifan Peso pal\u012bdz stiprin\u0101t un uzlabot organisma lok\u0101l\u0101s dab\u012bg\u0101s aizsargsp\u0113jas.<\/p>\n","protected":false},"featured_media":2448,"template":"","meta":{"disable_featured_image":false},"product_cat":[71],"product_tag":[],"aioseo_notices":[],"_links":{"self":[{"href":"https:\/\/larifan.eu\/en\/wp-json\/wp\/v2\/product\/1268"}],"collection":[{"href":"https:\/\/larifan.eu\/en\/wp-json\/wp\/v2\/product"}],"about":[{"href":"https:\/\/larifan.eu\/en\/wp-json\/wp\/v2\/types\/product"}],"wp:featuredmedia":[{"embeddable":true,"href":"https:\/\/larifan.eu\/en\/wp-json\/wp\/v2\/media\/2448"}],"wp:attachment":[{"href":"https:\/\/larifan.eu\/en\/wp-json\/wp\/v2\/media?parent=1268"}],"wp:term":[{"taxonomy":"product_cat","embeddable":true,"href":"https:\/\/larifan.eu\/en\/wp-json\/wp\/v2\/product_cat?post=1268"},{"taxonomy":"product_tag","embeddable":true,"href":"https:\/\/larifan.eu\/en\/wp-json\/wp\/v2\/product_tag?post=1268"}],"curies":[{"name":"wp","href":"https:\/\/api.w.org\/{rel}","templated":true}]}}