{"id":1218,"date":"2021-08-17T22:03:52","date_gmt":"2021-08-17T19:03:52","guid":{"rendered":"http:\/\/larifan.lv\/?post_type=product&#038;p=1218"},"modified":"2024-02-23T15:33:41","modified_gmt":"2024-02-23T13:33:41","slug":"larifan-ungo","status":"publish","type":"product","link":"https:\/\/larifan.eu\/en\/products\/larifan-ungo\/","title":{"rendered":"Larifan Ungo 10 g"},"content":{"rendered":"\r\n<div class=\"wp-block-group\"><div class=\"wp-block-group__inner-container\">\r\n<p><span style=\"color: #808080;\"><strong>LARIFAN UNGO &#8211; ziede \u0101das un l\u016bpu kop\u0161anai un aizsardz\u012bbai.<\/strong><\/span><\/p>\r\n<span style=\"color: #808080;\">\r\n\r\n<\/span>\r\n<p><span style=\"color: #808080;\">Larifan Ungo ziedes akt\u012bv\u0101 patent\u0113ta viela Larifan\u00ae ir <strong>dubultspir\u0101liska ribonukle\u012bnsk\u0101be<\/strong>, sa\u012bsin\u0101ti dsRNS, kura uztur \u0101das dab\u012bg\u0101s aizsargsp\u0113jas, mobiliz\u0113jot t\u0101s aizsargmeh\u0101nismus pret kait\u012bgiem \u0101r\u0113j\u0101s vides faktoriem (tai skait\u0101 ar\u012b mikroorganismiem).<\/span><\/p>\r\n<span style=\"color: #808080;\">\r\n\r\n<\/span>\r\n<p><span style=\"color: #808080;\"><strong>Ziede Larifan Ungo <\/strong>ir unik\u0101ls produkts, kas satur 0,025 % dsRNS Larifan un paredz\u0113ts \u0101das un l\u016bpu kop\u0161anai un aizsardz\u012bbai. \u012apa\u0161i ieteicams lietot pastiprin\u0101tu nelabv\u0113l\u012bgu apst\u0101k\u013cu periodos, lai mazin\u0101tu to kairino\u0161u ietekmi. Pal\u012bdz uztur\u0113t \u0101das dab\u012bg\u0101s aizsargsp\u0113jas, m\u012bkstina sausu un raupju \u0101du, mazina diskomforta saj\u016btu tulznu gad\u012bjum\u0101, nomierina sakairin\u0101tu \u0101du.<\/span><\/p>\r\n<span style=\"color: #808080;\">\r\n\r\n<\/span>\r\n<p><span style=\"color: #808080;\">Ieteicams lietot herpes v\u012brusa aktiviz\u0101cijas (aukstumpumpu) gad\u012bjum\u0101, uz \u0101das ap degunu <strong>respirat\u012bvo probl\u0113mu periodos<\/strong>. Rekomend\u0113ts lietot <strong>p\u0113c<\/strong> <strong>tetov\u0113\u0161anas proced\u016br\u0101m uz \u0101das <\/strong>(permanentais grims u.c), k\u0101 ar\u012b pie citas izcelsmes \u0101das kairin\u0101jumiem.\u00a0<\/span><\/p>\r\n<span style=\"color: #808080;\">\r\n\r\n<\/span>\r\n<p><span style=\"color: #808080;\"><strong>Kl\u012bniski test\u0113ts.<\/strong><\/span><\/p>\r\n<p><span style=\"color: #808080;\"><strong>LIETO\u0160ANA:<\/strong> Ieziest ziedi pl\u0101n\u0101 k\u0101rt\u0101 uz t\u012bras \u0101das zon\u0101m un l\u016bp\u0101m 1-2 reizes dien\u0101.<\/span><br \/><span style=\"color: #808080;\">Ilgsto\u0161i atrodoties nelabv\u0113l\u012bgos laika apst\u0101k\u013cos (v\u0113jain\u0101, mitr\u0101, aukst\u0101 vid\u0113 vai p\u0101rkar\u0161ana un p\u0101rm\u0113r\u012bga uztur\u0113\u0161an\u0101s saul\u0113), ziedi lietot vair\u0101kas reizes dien\u0101. Glab\u0101t istabas temperat\u016br\u0101 b\u0113rniem neredzam\u0101 un nepieejam\u0101 viet\u0101.<\/span><\/p>\r\n<span style=\"color: #808080;\">\r\n\r\n\r\n\r\n<\/span>\r\n<p><span style=\"color: #808080;\"><strong>SAST\u0100VDA\u013bAS:<\/strong> Aqua, Paraffinum Liquidum, Lanolin, Paraffin, Pentaerythrityl Dioleate, Sodium Chloride, Phenoxyethanol, Methylparaben, Propylparaben, RNA (dsRNA -Dubultspir\u0101liska ribonukle\u012bnsk\u0101be Larifan\u00ae).<\/span><\/p>\r\n<span style=\"color: #808080;\">\r\n\r\n<\/span>\r\n<p><span style=\"color: #808080;\">Parast\u0101 lieto\u0161anas zona \u2013 l\u016bpas+\u0101da apk\u0101rt degunam.<\/span><\/p>\r\n<span style=\"color: #808080;\">\r\n\r\n<\/span>\r\n<p><span style=\"color: #808080;\">Sapr\u0101t\u012bgi paredzam\u0101 lieto\u0161anas zona: 1\/2 sejas virsma+1\/2 roku virsma+1\/4 p\u0113du virsma.<\/span><\/p>\r\n<span style=\"color: #808080;\">\r\n\r\n<\/span>\r\n<p><span style=\"color: #808080;\">Parast\u0101s lieto\u0161anas ziedes daudzums daudzums ir 0,04 g lieto\u0161anas reiz\u0113. Tik pie\u0146emts, ka 0,02 g iek\u013c\u016bst ku\u0146\u0123\u012b (iek\u0161\u0137\u012bgi).<\/span><\/p>\r\n<span style=\"color: #808080;\">\r\n\r\n<\/span>\r\n<p><span style=\"color: #808080;\">Sapr\u0101t\u012bgi paredzamas lieto\u0161anas daudzums ir 0,5 g lieto\u0161anas reiz\u0113. Tik pie\u0146emts, ka 0,02 g daudzums iek\u013c\u016bst ku\u0146\u0123\u012b (iek\u0161\u0137\u012bgi).<\/span><\/p>\r\n<p><iframe loading=\"lazy\" title=\"Herpes v\u012bruss? K\u0101 tikt gal\u0101 ar aukstumpumpu da\u017e\u0101d\u0101s infekcijas stadij\u0101s?\" width=\"500\" height=\"281\" src=\"https:\/\/www.youtube.com\/embed\/0_p17ekivrM?feature=oembed\" frameborder=\"0\" allow=\"accelerometer; autoplay; clipboard-write; encrypted-media; gyroscope; picture-in-picture; web-share\" allowfullscreen><\/iframe><\/p>\r\n<span style=\"color: #808080;\">\r\n\r\n<\/span>\r\n<p><span style=\"color: #808080;\"><strong>BUJ<\/strong><\/span><\/p>\r\n<span style=\"color: #808080;\">\r\n\r\n<\/span>\r\n<p><span style=\"color: #808080;\"><strong>Cik bie\u017ei lietot Larifan Ungo profilaktiskos nol\u016bkos?<\/strong><\/span><\/p>\r\n<span style=\"color: #808080;\">\r\n\r\n<\/span>\r\n<p><span style=\"color: #808080;\">1-2 reizes dien\u0101<\/span><\/p>\r\n<span style=\"color: #808080;\">\r\n\r\n<\/span>\r\n<p><span style=\"color: #808080;\"><strong>Cik bie\u017ei lietot Larifan Ungo elpce\u013cu saslim\u0161anas gad\u012bjum\u0101?z<\/strong><\/span><\/p>\r\n<span style=\"color: #808080;\">\r\n\r\n<\/span>\r\n<p><span style=\"color: #808080;\">5-6 reizes dien\u0101<\/span><\/p>\r\n<span style=\"color: #808080;\">\r\n\r\n<\/span>\r\n<p><span style=\"color: #808080;\"><strong>Vai Larifan Ungo dr\u012bkst lietot gr\u016btnieces?<\/strong><\/span><\/p>\r\n<span style=\"color: #808080;\">\r\n\r\n<\/span>\r\n<p><span style=\"color: #808080;\">Larifan Ungo ziedi \u0101r\u012bgai lieto\u0161anai dr\u012bkst lietot gr\u016btniec\u012bbas laik\u0101.<\/span><\/p>\r\n<p><span style=\"color: #808080;\"><a style=\"color: #808080;\" href=\"https:\/\/youtu.be\/39JQ7wUvl-E\">https:\/\/youtu.be\/39JQ7wUvl-E<\/a><\/span><\/p>\r\n<span style=\"color: #333333;\">\r\n\r\n<\/span>\r\n<p>&nbsp;<\/p>\r\n<\/div><\/div>\r\n","protected":false},"excerpt":{"rendered":"<p><span style=\"color: #808080;\">Larifan Ungo ir ziede \u0101das un g\u013cot\u0101du kop\u0161anai. Sast\u0101v\u0101 iek\u013cauta patent\u0113ta dabiskas izcelsmes akt\u012bv\u0101 viela dsRNS Larifan, kas paaugstina organisma lok\u0101lo pretest\u012bbu pret nev\u0113lamu apk\u0101rt\u0113j\u0101s vides faktoru iedarb\u012bbu, to skait\u0101, ar\u012b pret v\u012brusu nok\u013c\u016b\u0161anu organism\u0101.<\/span><\/p>\n","protected":false},"featured_media":2445,"template":"","meta":{"disable_featured_image":false},"product_cat":[75,49,72],"product_tag":[],"aioseo_notices":[],"_links":{"self":[{"href":"https:\/\/larifan.eu\/en\/wp-json\/wp\/v2\/product\/1218"}],"collection":[{"href":"https:\/\/larifan.eu\/en\/wp-json\/wp\/v2\/product"}],"about":[{"href":"https:\/\/larifan.eu\/en\/wp-json\/wp\/v2\/types\/product"}],"wp:featuredmedia":[{"embeddable":true,"href":"https:\/\/larifan.eu\/en\/wp-json\/wp\/v2\/media\/2445"}],"wp:attachment":[{"href":"https:\/\/larifan.eu\/en\/wp-json\/wp\/v2\/media?parent=1218"}],"wp:term":[{"taxonomy":"product_cat","embeddable":true,"href":"https:\/\/larifan.eu\/en\/wp-json\/wp\/v2\/product_cat?post=1218"},{"taxonomy":"product_tag","embeddable":true,"href":"https:\/\/larifan.eu\/en\/wp-json\/wp\/v2\/product_tag?post=1218"}],"curies":[{"name":"wp","href":"https:\/\/api.w.org\/{rel}","templated":true}]}}