{"id":1817,"date":"2021-08-09T21:35:42","date_gmt":"2021-08-09T18:35:42","guid":{"rendered":"http:\/\/larifan.lv\/zinatniskas-publikacijas\/"},"modified":"2021-10-17T13:40:02","modified_gmt":"2021-10-17T10:40:02","slug":"scientific-publications","status":"publish","type":"page","link":"https:\/\/larifan.eu\/en\/scientific-publications\/","title":{"rendered":"Scientific publications"},"content":{"rendered":"\n<p>1. \u0413.\u042f.\u0424\u0435\u043b\u0434\u043c\u0430\u043d\u0435, \u0410.\u042d.\u0414\u0443\u043a, \u0410 \u0425.\u0411\u0443\u0439\u043a\u0438\u0441, \u0412.\u041f.\u041b\u043e\u0436\u0430, \u042e.\u0411.\u0423\u043c\u0431\u0440\u0430\u0448\u043a\u043e \u0418\u0437\u0443\u0447\u0435\u043d\u0438\u0435 \u0442\u043e\u043a\u0441\u0438\u043a\u043e\u043b\u043e\u0433\u0438\u0447\u0435\u0441\u043a\u0438\u0445 \u0441\u0432\u043e\u0439\u0441\u0442\u0432 \u0438\u043d\u0434\u0443\u043a\u0442\u043e\u0440\u0430 \u0438\u043d\u0442\u0435\u0440\u0444\u0435\u0440\u043e\u043d\u0432 \u2013 \u0434\u0432\u0443\u0445\u0446\u0435\u043f\u043e\u0447\u0435\u0447\u043d\u043e\u0439 \u0420\u041d\u041a. \u0418\u043d\u0434\u0443\u043a\u0442\u043e\u0440\u044b \u0438\u043d\u0442\u0435\u0440\u0444\u0435\u0440\u043e\u043d\u0430, \u041c\u043e\u0441\u043a\u0432\u0430, 1982 \u0433. 70 \u2013 76.<\/p>\n\n\n\n<p>2. \u0413.\u042f.\u0424\u0435\u043b\u0434\u043c\u0430\u043d\u0435, \u042e.\u0411.\u0423\u043c\u0431\u0440\u0430\u0448\u043a\u043e, \u0410.\u0425.\u0411\u0443\u0439\u043a\u0438\u0441, \u0410.\u042d.\u0414\u0443\u043a, \u041b.\u042d.\u041f\u043e\u043b\u0443\u044d\u043a\u0442\u043e\u0432\u0430, \u0416.\u041f.\u0413\u0440\u0430\u0443\u0434\u0438\u043d\u044f, \u0412.\u041f.\u041e\u0441\u0435, \u0412.\u041f.\u041b\u043e\u0436\u0430\u0424\u0438\u0437\u0438\u043a\u043e-\u0445\u0438\u043c\u0438\u0447\u0435\u0441\u043a\u0438\u0435 \u0438 \u0431\u0438\u043e\u043b\u043e\u0433\u0438\u0447\u0435\u0441\u043a\u0438\u0435 \u0441\u0432\u043e\u0439\u0441\u0442\u0432\u0430 \u0434\u0432\u0443\u0445\u0441\u043f\u0438\u0440\u0430\u043b\u044c\u043d\u043e\u0439 \u0420\u041d\u041a \u2013 \u0438\u043d\u0434\u0443\u043a\u0442\u043e\u0440\u0430 \u0438\u043d\u0442\u0435\u0440\u0444\u0435\u0440\u043e\u043d\u0430\u044e \u0412\u043e\u043f\u0440\u043e\u0441\u044b \u0432\u0438\u0440\u0443\u0441\u043e\u043b\u043e\u0433\u0438\u0438 1984. 4.463<\/p>\n\n\n\n<p>3. \u0413.\u042f.\u0424\u0435\u043b\u0434\u043c\u0430\u043d\u0435, \u041c.\u0420.\u0410\u043a\u0435\u0440\u0441, \u0420.\u0416.\u0411\u0440\u0443\u0432\u0435\u0440\u0435, \u0410.\u042d.\u0414\u0443\u043a \u0410.\u0425.\u0411\u0443\u0439\u043a\u0438\u0441, \u0411.\u041a.\u041a\u0438\u043f\u0435\u043d\u0430, \u0412\u043b\u0438\u044f\u043d\u0438\u0435 \u0438\u043d\u0434\u0443\u043a\u0442\u043e\u0440\u0430 \u0438\u043d\u0442\u0435\u0440\u0444\u0435\u0440\u043e\u043d\u0430 \u043d\u0430 \u043f\u0440\u043e\u043b\u0438\u0444\u0435\u0440\u0430\u0442\u0438\u0432\u043d\u044b\u0435 \u043f\u0440\u043e\u0446\u0435\u0441\u0441\u044b \u0443 \u043b\u044e\u0434\u0435\u0439 \u0412 \u0441\u0431\u043e\u0440\u043d\u0438\u043a\u0435 \u00ab\u041d\u0435\u0441\u043f\u0435\u0446\u0438\u0444\u0438\u0447\u0435\u0441\u043a\u0438\u0435 \u0441\u0442\u0438\u043c\u0443\u043b\u044f\u0442\u043e\u0440\u044b \u0432 \u0438\u043c\u043c\u0443\u043d\u043e\u0442\u0435\u0440\u0430\u043f\u0438\u0438 \u043e\u043f\u0443\u0445\u043e\u043b\u0435\u0439\u00bb. \u0420\u0438\u0433\u0430 1985, 205-209<\/p>\n\n\n\n<p>4. \u041b.\u0410.\u041a\u0430\u043c\u0430\u043b\u044f\u043d, \u0413.\u042f.\u0424\u0435\u043b\u0434\u043c\u0430\u043d\u0435, \u0438 \u0434\u0440. \u041e \u0431\u0438\u043e\u043b\u043e\u0433\u0438\u0447\u0435\u0441\u043a\u043e\u0439 \u0430\u043a\u0442\u0438\u0432\u043d\u043e\u0441\u0442\u0438 \u0434\u0441\u0420\u041d\u041a \u0443 \u0431\u043e\u043b\u044c\u043d\u044b\u0445 \u0440\u0430\u043a\u043e\u043c \u0448\u0435\u0439\u043a\u0438 \u043c\u0430\u0442\u043a\u0438. \u0412 \u0441\u0431\u043e\u0440\u043d\u0438\u043a\u0435 \u00ab\u041d\u0435\u0441\u043f\u0435\u0446\u0438\u0444\u0438\u0447\u0435\u0441\u043a\u0438\u0435 \u0441\u0442\u0438\u043c\u0443\u043b\u044f\u0442\u043e\u0440\u044b \u0432 \u0438\u043c\u043c\u0443\u043d\u043e\u0442\u0435\u0440\u0430\u043f\u0438\u0438 \u043e\u043f\u0443\u0445\u043e\u043b\u0435\u0439\u00bb , \u0420\u0438\u0433\u0430 1985, 199 \u2013 204.<\/p>\n\n\n\n<p>5. \u0413.\u042f.\u0424\u0435\u043b\u0434\u043c\u0430\u043d\u0435, \u0410.\u042d.\u0414\u0443\u043a, \u0411.\u041a.\u041a\u0438\u043f\u0435\u043d\u0430, \u0411.\u0410.\u041f\u043e\u043f\u0435\u043d\u0430. \u0411\u0438\u043e\u043b\u043e\u0433\u0438\u0447\u0435\u0441\u043a\u0438\u0435 \u0441\u0432\u043e\u0439\u0441\u0442\u0432\u0430 \u0434\u0432\u0443\u0445\u0441\u043f\u0438\u0440\u0430\u043b\u044c\u043d\u043e\u0439 \u0420\u041d\u041a \u0438 \u043f\u0435\u0440\u0435\u043d\u043e\u0441\u0438\u043c\u043e\u0441\u0442\u044c \u0435\u0433\u043e \u0443 \u043e\u043d\u043a\u043e\u043b\u043e\u0433\u0438\u0447\u0435\u0441\u043a\u0438\u0445 \u0431\u043e\u043b\u044c\u043d\u044b\u0445.\u0418\u0437\u0434. \u0422\u043e\u043c\u0441\u043a\u043e\u0433\u043e \u0423\u043d\u0438\u0432\u0435\u0440\u0441\u0438\u0442\u0435\u0442\u0430, \u0422\u043e\u043c\u0441\u043a 1989.\u0441\u0442\u0440.88 \u2013 90.<\/p>\n\n\n\n<p>6. \u0420. \u0416. \u0411\u0440\u0443\u0432\u0435\u0440\u0435, \u0413. \u042f. \u0424\u0435\u043b\u0434\u043c\u0430\u043d\u0435,\u041b. \u0421. \u0413\u043b\u0438\u043d\u043a\u0438\u043d\u0430, \u0420. \u0420. \u0413\u0430\u0440\u043a\u043b\u0430\u0432\u0430, \u0411. \u041b. \u041a\u0438\u043f\u0435\u043d\u0430, \u0421. \u0412. \u0412\u0430\u043b\u0435\u0439\u043d\u044f. \u0418\u0437\u0443\u0447\u0435\u043d\u0438\u0435 \u0438\u043c\u043c\u0443\u043d\u043e\u043c\u043e\u0434\u0443\u043b\u0438\u0440\u0443\u044e\u0449\u0435\u0433\u043e \u0434\u0435\u0439\u0441\u0442\u0432\u0438\u044f \u043b\u0430\u0440\u0438\u0444\u0430\u043d\u0430 \u043d\u0430 \u0437\u0434\u043e\u0440\u043e\u0432\u044b\u0445 \u043b\u044e\u0434\u0435\u0439 \u0438 \u0431\u043e\u043b\u044c\u043d\u044b\u0445 \u0440\u0430\u043a\u043e\u043c \u043c\u043e\u043b\u043e\u0447\u043d\u043e\u0439 \u0436\u0435\u043b\u0435\u0437\u044b\u044e &#8211; \u0418\u0437\u0443\u0447\u0435\u043d\u0438\u0435 \u0438\u043d\u0434\u0443\u043a\u0442\u043e\u0440\u0430 \u0438\u043d\u0442\u0435\u0440\u0444\u0435\u0440\u043e\u043d\u0430 &#8211; \u0434\u0432\u0443\u0445\u0441\u043f\u0438\u0440\u0430\u043b\u044c\u043d\u043e\u0439 \u0420\u041d\u041a \u0432 \u0440\u0430\u0437\u043b\u0438\u0447\u043d\u044b\u0445 \u0431\u0438\u043e\u043b\u043e\u0433\u0438\u0447\u0435\u0441\u043a\u0438\u0445 \u0441\u0438\u0441\u0442\u0435\u043c\u0430\u0445. \u0420\u0438\u0433\u0430, 19 8 9 \u0441. 152-158.<\/p>\n\n\n\n<p>7. \u0412.\u0414.\u041c\u0435\u0439\u043a\u0448\u0430\u043d\u0435, \u0420.\u0420.\u0413\u0430\u0440\u043a\u043b\u0430\u0432\u0430, \u0413.\u042f.\u0424\u0435\u043b\u0434\u043c\u0430\u043d\u0435. \u042d\u0444\u0444\u0435\u043a\u0442 \u043f\u0440\u0438\u043c\u0435\u043d\u0435\u043d\u0438\u044f \u043b\u0430\u0440\u0438\u0444\u0430\u043d\u0430 \u0434\u043b\u044f \u043b\u0435\u0447\u0435\u043d\u0438\u044f \u0431\u043e\u043b\u044c\u043d\u044b\u0445 \u043f\u0430\u043f\u0438\u043b\u043b\u043e\u043c\u043e\u0439 \u0433\u043e\u0440\u0442\u0430\u043d\u0438. \u0412 \u0441\u0431\u043e\u0440\u043d\u0438\u043a\u0435 \u00ab\u0418\u0437\u0443\u0447\u0435\u043d\u0438\u0435 \u0438\u043d\u0434\u0443\u043a\u0442\u043e\u0440\u0430 \u0438\u043d\u0442\u0435\u0440\u0444\u0435\u0440\u043e\u043d\u0430 \u2013 \u0434\u0432\u0443\u0441\u043f\u0438\u0440\u0430\u043b\u044c\u043d\u043e\u0439 \u0420\u041d\u041a \u0432 \u0440\u0430\u0437\u043b\u0438\u0447\u043d\u044b\u0445 \u0431\u0438\u043e\u043b\u043e\u0433\u0438\u0447\u0435\u0441\u043a\u0442\u0445 \u0441\u0438\u0441\u0442\u0435\u043c\u0430\u0445\u00bb \u0420\u0438\u0433\u0430 1989, 149 \u2013 151.<\/p>\n\n\n\n<p>8. \u0420.\u0416.\u0411\u0440\u0443\u0432\u0435\u0440\u0435, \u0413.\u042f.\u0424\u0435\u043b\u0434\u043c\u0430\u043d\u0435, \u041b.\u0421.\u0413\u043b\u0438\u043d\u043a\u0438\u043d\u0430, \u0420.\u0420.\u0413\u0430\u0440\u043a\u043b\u0430\u0432\u0430 \u0411.\u041a.\u041a\u0438\u043f\u0435\u043d\u0430, \u0421.\u0412.\u0412\u0430\u043b\u0435\u0439\u043d\u044f \u0418\u0437\u0443\u0447\u0435\u043d\u0438\u0435 \u0438\u043c\u043c\u0443\u043d\u043e\u043c\u043e\u0434\u0443\u043b\u0438\u0440\u0443\u044e\u0449\u0435\u0433\u043e \u0434\u0435\u0439\u0441\u0442\u0432\u0438\u044f \u043b\u0430\u0440\u0438\u0444\u0430\u043d\u0430 \u043d\u0430 \u0437\u0434\u043e\u0440\u043e\u0432\u044b\u0445 \u043b\u044e\u0434\u0435\u0439 \u0438 \u0431\u043e\u043b\u044c\u043d\u044b\u0445 \u0440\u0430\u043a\u043e\u043c \u043c\u043e\u043b\u043e\u0447\u043d\u043e\u0439 \u0436\u0435\u043b\u0435\u0437\u044b. \u0412 \u0441\u0431\u043e\u0440\u043d\u0438\u043a\u0435 \u00ab\u0418\u0437\u0443\u0447\u0435\u043d\u0438\u0435 \u0438\u043d\u0434\u0443\u043a\u0442\u043e\u0440\u0430 \u0438\u043d\u0442\u0435\u0440\u0444\u0435\u0440\u043e\u043d\u0430 \u2013 \u0434\u0432\u0443\u0441\u043f\u0438\u0440\u0430\u043b\u044c\u043d\u043e\u0439 \u0420\u041d\u041a \u0432 \u0440\u0430\u0437\u043b\u0438\u0447\u043d\u044b\u0445 \u0431\u0438\u043e\u043b\u043e\u0433\u0438\u0447\u0435\u0441\u043a\u0442\u0445 \u0441\u0438\u0441\u0442\u0435\u043c\u0430\u0445\u00bb \u0420\u0438\u0433\u0430 1989 152 \u2013 158.<\/p>\n\n\n\n<p>9. \u0413.\u042f.\u0424\u0435\u043b\u0434\u043c\u0430\u043d\u0435, \u0411.\u041a.\u041a\u0438\u043f\u0435\u043d\u0430, \u0411.\u0410.\u041f\u043e\u043f\u0435\u043d\u0430, \u0410.\u042d.\u0414\u0443\u043a. \u041a\u043b\u0438\u043d\u0438\u0447\u0435\u0441\u043a\u0430\u044f \u0431\u0435\u0437\u0432\u0440\u0435\u0434\u043d\u043e\u0441\u0442\u044c \u0438 \u043f\u0435\u0440\u0435\u043d\u043e\u0441\u0438\u043c\u043e\u0441\u0442\u044c \u043b\u0430\u0440\u0438\u0444\u0430\u043d\u0430 \u043e\u043d\u043a\u043e\u043b\u043e\u0433\u0438\u0447\u0435\u0441\u043a\u0438\u043c\u0438 \u0431\u043e\u043b\u044c\u043d\u044b\u043c\u0438. \u0412 \u0441\u0431\u043e\u0440\u043d\u0438\u043a\u0435 \u00ab\u0418\u0437\u0443\u0447\u0435\u043d\u0438\u0435 \u0438\u043d\u0434\u0443\u043a\u0442\u043e\u0440\u0430 \u0438\u043d\u0442\u0435\u0440\u0444\u0435\u0440\u043e\u043d\u0430 \u2013 \u0434\u0432\u0443\u0441\u043f\u0438\u0440\u0430\u043b\u044c\u043d\u043e\u0439 \u0420\u041d\u041a \u0432 \u0440\u0430\u0437\u043b\u0438\u0447\u043d\u044b\u0445 \u0431\u0438\u043e\u043b\u043e\u0433\u0438\u0447\u0435\u0441\u043a\u0442\u0445 \u0441\u0438\u0441\u0442\u0435\u043c\u0430\u0445\u00bb \u0420\u0438\u0433\u0430 1989, 141 \u2013 147.<\/p>\n\n\n\n<p>10. R. Br\u016bvere, G. Feldmane, A. D\u016bks, J. Zari\u0146a. A study of the immunomodulating action of a double-stranded RNA drug Lariphan. Proc Latv. Acad. Sci. 1991, Nr. 11, p. 120-124.<\/p>\n\n\n\n<p>11. V. Lo\u017ea, A. D\u016bks, V. Grabovska, J. Umbra\u0161ko, G. Feldmane. Modulation of the antiproliferative and antiviral effects of interferon by using double-stranded ribonucleic acids. Proc Latv. Acad. Sci. 1991, Nr. 12, p. 74-81<\/p>\n\n\n\n<p>12. R. Bruvere, G. Feldmane, A. Duks, B. Kipena, J, Zarina. Local Immunomodulating Effects of Lariphan and Their Clinical Consequences in Patients with Metastatic Pleuritis. Baltic Immunologist Assembly Abstracts. Riga-Jurmala, 1991, p.13.<\/p>\n\n\n\n<p>13. A. Duks, R. Bruvere, G. Feldmane, B.. Kipena, J, Zarina. The Biological Effects of Lariphan &#8211; an Immunomodulator of Natural Origin. &#8211; Medical Biotechnology, Immunization and AIDS. International Conference Abstracts. Leningrad, 1991, S 2-8<\/p>\n\n\n\n<p>14. G. Feldmane, R. Bruvere, A. Duks, A. Buike. Lariphan &#8211; a Drug of PleiotropeActionwith Immunomodulatory Activity. &#8211; 1-st Immunological Congress of Latvia. Abstracts. Riga, 1991, p. 15.<\/p>\n\n\n\n<p>15. R.Malickaite. Immunomodulation of the secondary immunodeficencies. Dissertation for the Medical Science Doctor\u2019s degree. Heart Surgery Clinic of Vilnius University.<\/p>\n\n\n\n<p>16. G. Feldmane, A. Duks, J, Zarina, R. Bruvere . Effects of Interferon Inducer in Patients with Metastatic Pleuritis. 8-th Internat. Congress of Immunology, August 23-28, 1992, Budapest, Hungary. Abstracts. 1992, p. 186,W-34\/6.<\/p>\n\n\n\n<p>17. Sur\u017eiks M., D\u016bks A., Djatlova N., Glazunovs E., Feldmane G., Timkovskis A. Larif\u0101na un t\u0101 ekraniz\u0113to savienojumu ar poliliz\u012bniem iztur\u012bba pret cilv\u0113ka seruma nukle\u0101z\u0113m. Antibiotikas un \u0137\u012bmijterapija, 1993, N.7 (38):21-25<\/p>\n\n\n\n<p>18. G.Feldmane, A.Duks, R.Bruvere, A.Buike.Interferona induktora \u2013 larif\u0101na praktisk\u0101s pielieto\u0161anas rezult\u0101ti. Pasaules Latvie\u0161u \u0100rstu 2.Kongresa t\u0113zes, R\u012bga.<\/p>\n\n\n\n<p>19. R.Br\u016bvere, O.Heisele, \u0100.Volr\u0101te et al. A Study of the Immune State of the Patients during Zimozan, Lariphan and Rigvir Therapy. \u2013 Baltic Immunologic Society Meeting, Abstracts. 1995. p. 11.<\/p>\n\n\n\n<p>20. G. Feldmane, J. Umbra\u0161ko, \u0100. Bui\u0137e, V. Lo\u017ea.LR patents Nr 10653<\/p>\n\n\n\n<p>21. Dabisk\u0101s dubultspir\u0101lisk\u0101s ribonukle\u012bnsk\u0101bes, interferona induktora un modulatoraieg\u016b\u0161anas pa\u0146\u0113miens. 1995. gads 20 augusts.<\/p>\n\n\n\n<p>22. V. Lo\u017ea, G. Feldmane Biomodulatory functions of the double-stranded ribonucleic acids. Acta Medica Baltica 1996. v.3, p. 12-17.<\/p>\n\n\n\n<p>23. V. Lo\u017ea, M. Pilmane, R. Br\u016bvere, G. Feldmane, \u0100. Volr\u0101te, V. Ose,F. Sundler. Double-stranded ribonucleic acids in cells during induced differentiation. Acta Medica Baltica 1996. v.3, p. 22-30<\/p>\n\n\n\n<p>24. G. Feldmane, \u0100. Volr\u0101te,I. Logina, G. Lagonovska, J. Bikova, T. Mileiko. Antiviral activity of Lariphan &#8211; a double-stranded RNA: clinical studies. Xth International Congress of Virology, Jerusalem, Israel, 11-16 august, 1996, p. 196, Abstr. PW 32- 28 .<\/p>\n\n\n\n<p>25. J.Berzinsh, I.Logina, I.Supe, G.Feldmane. Focal Neurological Syndromes in Tick-borne Encephalitis in Latvia. 2nd Nordic \u2013 Baltic Congress \u201cPrevention in Focus\u201d, Riga, Latvia 1996, 61.<\/p>\n\n\n\n<p>26. G.Laganovska, G.Feldmane, M.Liepi\u0146a, A.Spro\u0123e. Ak\u016bts adenovirus\u0101ls keratokonjunktiv\u012bts. Latvijas \u0100rsts 1996., 4.,. 248 \u2013 249.<\/p>\n\n\n\n<p>27. G.Feldmane, A.Volrate, E.Krike,G.Enina, G.Laganovska, I.Logina, A.Zilevica.Clinical utility of an interferon inducer Lariphan. European Society for Clinical Virology Progress in Clinical Virology, Bologna, Itali, 1997, 203.<\/p>\n\n\n\n<p>28. G. Feldmane, \u0100. Volr\u0101te, R. Br\u016bvere, J. Zari\u0146a, \u00c5. Eni\u0146a, I. Logina, E. Kri\u0137e, I. Mileiko. Dubultspir\u0101lisk\u0101s RNS prepar\u0101ta Larif\u0101na kl\u012bnisk\u0101 izp\u0113te. &#8211; Pasaules tre\u0161ais latvie\u0161u \u0101rstu kongress, R\u012bga, 1997.g. 25-28 j\u016bnijs. T\u0113zes. 1997., lpp. 34<\/p>\n\n\n\n<p>29. M.God\u013cevska, \u0122.Enina, G.Feldmane, E.Kri\u0137e, \u0100.Volr\u0101te, J.Zari\u0146a. The results of using the interferon inducer \u2013 Lariphan in treatment of viral infections of the nervous system. 2nd Baltic Congress of Neurology, Riga, 1997, 51.<\/p>\n\n\n\n<p>30. G. Feldmane, R. Br\u016bvere, \u0100. Volr\u0101te, J. Zari\u0146a. The effect of Lariphan on the exudative processes in patients with metastatic pleuritis.- First International Meeting on Adavances in the Knowladge of Cancer Menagement. June 28 to July 1, 1997. Abstracts. Viena, Austria, 1997, p. 74.<\/p>\n\n\n\n<p>31. G. Feldmane, \u0100. Volr\u0101te, R. Br\u016bvere. Lariphan &#8211; the product of nartural origin for medicine. &#8211; International Conference &#8220;Natural Substances for Health and Beauty&#8221;. Riga, 1997, p. 37.<\/p>\n\n\n\n<p>32. G.Laganovska., K.Baumane, G.Feldmane. Herpes simplex v\u012brusa izrais\u012btais keratokonjunktiv\u012bts. Latvijas \u0100rstu \u017durn\u0101ls 1997\/12 10.-11.<\/p>\n\n\n\n<p>33. R. Br\u016bvere, G. Feldmane, M. Pilmane,\u0100. Volr\u0101te, V. Lo\u017ca. Dubultspir\u0101lisk\u0101s RNS starp\u0161\u016bnu un iek\u0161\u0161\u016bnu sazi\u0146\u0101. &#8211; Pasaules tre\u0161ais latvie\u0161u \u0101rstu kongress, R\u012bga, 1997.g. 25-28 j\u016bnijs. T\u0113zes. 1997., lpp. 21.<\/p>\n\n\n\n<p>34. O. Heisele, A. Ferdats, R. Br\u016bvere, G. Feldmane, R. Petrovska. Altered expression of melanoma associated antigens by the immunomodulators rigvir and lariphan. &#8211; J. Tumor Marker Oncology, 1998, vol 13, No 2, p. 55.<\/p>\n\n\n\n<p>35. Laganovska G., Feldmane G. Menagement of herpes simplex virus ceratitis. International Congress ofOphtalmology, Absrtacts, Amsterdam, 1998., p. 12<\/p>\n\n\n\n<p>36. \u0413.\u0410.\u041b\u0430\u0433\u0430\u043d\u043e\u0432\u0441\u043a\u0430, \u0418.\u0412.\u0412\u0430\u043b\u044c\u043a\u043e\u0432\u0430, \u0413.\u042f.\u0424\u0435\u043b\u0434\u043c\u0430\u043d\u0435. \u041a \u0432\u043e\u043f\u0440\u043e\u0441\u0443 \u043e \u043b\u0435\u0447\u0435\u043d\u0438\u0438 \u0433\u0435\u0440\u043f\u0435\u0442\u0438\u0447\u0435\u0441\u043a\u043e\u0433\u043e \u043a\u0435\u0440\u0430\u0442\u0438\u0442\u0430. \u041e\u0444\u0442\u0430\u043b\u044c\u043c\u043e\u043b\u043e\u0433\u0438\u0447\u0435\u0441\u043a\u0438\u0439 \u0416\u0443\u0440\u043d\u0430\u043b, \u041e\u0434\u0435\u0441\u0441\u0430, 1999, 2\u0431 102 \u2013 105.<\/p>\n\n\n\n<p>37. Feldmane G., Chapenko S., Kozireva S., Volrate \u0100., Murovska M. Antiviral effect of double-stranded RNA &#8211; Lariphan on HHV-8 production in virus producing cell culture.AbstractBookof XI th International Congress of Virology9 &#8211; 13 August1999.Sydney Australia p. 309 &#8211; 310.<\/p>\n\n\n\n<p>38. Zilevica A., Ancupane I., Erenpreiss J., Miltins A., Feldmane G., Efficacy of a new antiviral drug Lariphan in the treatment of urogenital infections AbstractBookof XI th International Congress of Virology 9 &#8211; 13 August1999.Sydney Australia p. 310.<\/p>\n\n\n\n<p>39. Juris \u0112renpreiss, Guna Feldmane, J\u0101nis Za\u013ckalns. Antibakteri\u0101l\u0101 terapija androlo\u0123ijas praks\u0113. Latvijas \u0101rstu \u017eurn\u0101ls. 1999. 10. lpp. 34-37.<\/p>\n\n\n\n<p>40. R. Br\u016bvere, M. Pilmane, G. Feldmane, \u0100. Volr\u0101te, V. Lo\u017ca. Kinetics of Cell- Derived Double-Stranded Ribonucleic AcidsDuring Differentiation. Analytical Cellular Pathology, 1999, Vol. 18, N 1, p. 16.<\/p>\n\n\n\n<p>41. \u0122ertr\u016bde Eni\u0146a, Elita Kri\u0137e, M\u0101ra God\u013cevska, Guna Feldmane, \u0100rija Volr\u0101te Interferona induktora larif\u0101na lieto\u0161anas rezult\u0101ti virus\u0101las etiolo\u0123ijas neiroinfekciju \u0101rst\u0113\u0161an\u0101. Latvijas \u0101rstu \u017eurn\u0101ls 2000., 7, 14.<\/p>\n\n\n\n<p>42. R.Br\u016bvere, M. Pilmane, G. Feldmane, \u0100 Volr\u0101te, D. Pjanova, V. Lo\u017ea.Intracellular double-stranded RNA structures stimulated by different stress factors.Proc. Latvian Acad. Sci. Section B, 2000, Vol. 54, N 1\/2, p. 18-24.<\/p>\n\n\n\n<p>43. G.Feldmane, S.Chapenko, S.Kozireva, \u0100.Volr\u0101te, M.Murovska Inhibityory effect of Lariphan \u2013 a double-stranded RNA on viral load in HHV-8 producing cell cultureBCBL-1. ZRaksti \/ LMA, medic\u012bnas b\u0101zes zin\u0101tnes, 2001, pp.127-128.<\/p>\n\n\n\n<p>44. D. Pjanova, R. Br\u016bvere, \u0100. Volr\u0101te, G. Feldmane, N. Gabruseva, V. Lo\u017ca. Double-stranded RNA induced by interferon in human cell cultures correlates with apoptosis Proc. Latvian Acad. Sci. Section B, 2002, Vol. 56, N 1\/2, pp. 24-29 .<\/p>\n\n\n\n<p>45. R.Br\u016bvere, G.Feldmane. Rigvir un Larif\u0101ns &#8211; jauni im\u016bnprepar\u0101ti.Medicine, 2005. okt., 14<\/p>\n\n\n\n<p>46. G.Feldmane.Jaunas tendences pretgripas prepar\u0101tu izveid\u0113. Medicine, 2005. nov. 21.<\/p>\n\n\n\n<p>47. A.Muceniece, R.Br\u016bvere, G.Feldmane, D.Venskus. Metodisk\u0101 nor\u0101des bioprepar\u0101tu Rigvir, Larif\u0101ns lieto\u0161anai onkolo\u0123ij\u0101 un sekund\u0101ro im\u016bndeficitu profilaksei.Medicine, 2006. j\u016bnijs-augusts, 16-18.<\/p>\n\n\n\n<p>48. R.Bruvere, G.Feldmane, A.Ferdats, O.Heisele, A.Muceniece, D.Venskus.Eperience of adjuvant therapy for malignant melanoma using virus-derived biomodulators developed in Latvia. 4-th Baltic Congress of Oncology. Tartu, 2006, May 25-27.148.<\/p>\n\n\n\n<p>49. R.Bruvere, G.Feldmane, A.Ferdats, O.Heisele, A.Muceniece.Adjuvant immunotherapy with virus-mediated biomodulators developed in Latvia:experimental and clinical data. Melanoma Research V.16, Suppl.1,Sept 2006. Abstracts of the perspectives in melanoma X and the third Annual International Melanoma Research Congress, Noordwijk, The Netherlands S 33-34<\/p>\n\n\n\n<p>50. S. Garjane, G. Feldmane, I.Cema &#8220;Larifan and its application in Dentistry.&#8221; Poster presentation 1. Nordic- Baltic Oral Medicine Conferece. &#8220;2007.16.-18.08.Abstracts, Malmo, Sweeden<\/p>\n\n\n\n<p>51. I.Cema, S. Garjane, G.Feldmane, I.Saveja, A. Vidzis: &#8220;Drugs developed in Latvia: Application in Oral Medicine.&#8221; Stomatologi j a-Baltic Dental and Maxillo-facial Journal., 2007\/suppl 1(4), p 56<\/p>\n\n\n\n<p>52. I.Cema, S. Garjane, G.Feldmane, I.Saveja, A. Vidzis: &#8220;Drugs developed in Latvia: Application in Oral Medicine.&#8221; 2nd Baltic Scientific conference of Dentistry.&#8221; 2007., 08..-10. November, Riga, Latvia ( Poster presentation)<\/p>\n\n\n\n<p>53. Ingr\u012bda \u010c\u0113ma \u201cHerpes grupas v\u012brusu infekcijas mutes dobum\u0101 un to \u0101rst\u0113\u0161anas pieredze\u201d 2008.gada zin\u0101tnisk\u0101 conference \u2013 t\u0113zes (Abstracts of Scientific conference), 2008.13-14.03. R\u012bga Latvija p.192.<\/p>\n\n\n\n<p>54. Guna Feldmane, Evita Niedrite \u201cAnti-Herpetic Therapeutic: A New Approash to Treatment of Herpes Infection\u201d BIT Life Sciences 1st Annual World Summit of Antivirals, July 20-22, 2008, Kunming, China.<\/p>\n","protected":false},"excerpt":{"rendered":"<p>1. \u0413.\u042f.\u0424\u0435\u043b\u0434\u043c\u0430\u043d\u0435, \u0410.\u042d.\u0414\u0443\u043a, \u0410 \u0425.\u0411\u0443\u0439\u043a\u0438\u0441, \u0412.\u041f.\u041b\u043e\u0436\u0430, \u042e.\u0411.\u0423\u043c\u0431\u0440\u0430\u0448\u043a\u043e \u0418\u0437\u0443\u0447\u0435\u043d\u0438\u0435 \u0442\u043e\u043a\u0441\u0438\u043a\u043e\u043b\u043e\u0433\u0438\u0447\u0435\u0441\u043a\u0438\u0445 \u0441\u0432\u043e\u0439\u0441\u0442\u0432 \u0438\u043d\u0434\u0443\u043a\u0442\u043e\u0440\u0430 \u0438\u043d\u0442\u0435\u0440\u0444\u0435\u0440\u043e\u043d\u0432 \u2013 \u0434\u0432\u0443\u0445\u0446\u0435\u043f\u043e\u0447\u0435\u0447\u043d\u043e\u0439 \u0420\u041d\u041a. \u0418\u043d\u0434\u0443\u043a\u0442\u043e\u0440\u044b \u0438\u043d\u0442\u0435\u0440\u0444\u0435\u0440\u043e\u043d\u0430, \u041c\u043e\u0441\u043a\u0432\u0430, 1982 \u0433. 70 \u2013 76. 2. \u0413.\u042f.\u0424\u0435\u043b\u0434\u043c\u0430\u043d\u0435, \u042e.\u0411.\u0423\u043c\u0431\u0440\u0430\u0448\u043a\u043e, \u0410.\u0425.\u0411\u0443\u0439\u043a\u0438\u0441, \u0410.\u042d.\u0414\u0443\u043a, \u041b.\u042d.\u041f\u043e\u043b\u0443\u044d\u043a\u0442\u043e\u0432\u0430, \u0416.\u041f.\u0413\u0440\u0430\u0443\u0434\u0438\u043d\u044f, \u0412.\u041f.\u041e\u0441\u0435, \u0412.\u041f.\u041b\u043e\u0436\u0430\u0424\u0438\u0437\u0438\u043a\u043e-\u0445\u0438\u043c\u0438\u0447\u0435\u0441\u043a\u0438\u0435 \u0438 \u0431\u0438\u043e\u043b\u043e\u0433\u0438\u0447\u0435\u0441\u043a\u0438\u0435 \u0441\u0432\u043e\u0439\u0441\u0442\u0432\u0430 \u0434\u0432\u0443\u0445\u0441\u043f\u0438\u0440\u0430\u043b\u044c\u043d\u043e\u0439 \u0420\u041d\u041a \u2013 \u0438\u043d\u0434\u0443\u043a\u0442\u043e\u0440\u0430 \u0438\u043d\u0442\u0435\u0440\u0444\u0435\u0440\u043e\u043d\u0430\u044e \u0412\u043e\u043f\u0440\u043e\u0441\u044b \u0432\u0438\u0440\u0443\u0441\u043e\u043b\u043e\u0433\u0438\u0438 1984. 4.463 3&#8230;.<\/p>\n","protected":false},"author":5,"featured_media":0,"parent":0,"menu_order":0,"comment_status":"closed","ping_status":"closed","template":"","meta":{"disable_featured_image":false},"aioseo_notices":[],"amp_enabled":true,"_links":{"self":[{"href":"https:\/\/larifan.eu\/en\/wp-json\/wp\/v2\/pages\/1817"}],"collection":[{"href":"https:\/\/larifan.eu\/en\/wp-json\/wp\/v2\/pages"}],"about":[{"href":"https:\/\/larifan.eu\/en\/wp-json\/wp\/v2\/types\/page"}],"author":[{"embeddable":true,"href":"https:\/\/larifan.eu\/en\/wp-json\/wp\/v2\/users\/5"}],"replies":[{"embeddable":true,"href":"https:\/\/larifan.eu\/en\/wp-json\/wp\/v2\/comments?post=1817"}],"version-history":[{"count":3,"href":"https:\/\/larifan.eu\/en\/wp-json\/wp\/v2\/pages\/1817\/revisions"}],"predecessor-version":[{"id":1825,"href":"https:\/\/larifan.eu\/en\/wp-json\/wp\/v2\/pages\/1817\/revisions\/1825"}],"wp:attachment":[{"href":"https:\/\/larifan.eu\/en\/wp-json\/wp\/v2\/media?parent=1817"}],"curies":[{"name":"wp","href":"https:\/\/api.w.org\/{rel}","templated":true}]}}